{"id":65,"date":"2014-08-29T10:30:36","date_gmt":"2014-08-29T08:30:36","guid":{"rendered":"http:\/\/ilike.kizman.eu\/?page_id=65"},"modified":"2022-02-20T10:42:39","modified_gmt":"2022-02-20T08:42:39","slug":"impressum","status":"publish","type":"page","link":"https:\/\/www.likebolt.com\/?page_id=65","title":{"rendered":"Adatkezel\u00e9si szab\u00e1lyzat"},"content":{"rendered":"<p><strong>Adatkezel\u00e9si Szab\u00e1lyzat<\/strong><\/p>\n<p><strong>\u00a0<\/strong>Tartalomjegyz\u00e9k<\/p>\n<p><a href=\"http:\/\/www.talalkahely.hu\/#_Toc509926034\">Adatkezel\u00e9si Szab\u00e1lyzat<\/a><\/p>\n<ol>\n<li><a href=\"http:\/\/www.talalkahely.hu\/#_Toc509926035\"> Szab\u00e1lyzat c\u00e9lja, hat\u00e1lya<\/a><\/li>\n<\/ol>\n<p><a href=\"http:\/\/www.talalkahely.hu\/#_Toc509926036\">1.1.\u00a0\u00a0\u00a0\u00a0\u00a0 C\u00e9lja<\/a><\/p>\n<p><a href=\"http:\/\/www.talalkahely.hu\/#_Toc509926037\">1.2.\u00a0\u00a0\u00a0\u00a0\u00a0\u00a0 Hat\u00e1lya<\/a><\/p>\n<ol start=\"2\">\n<li><a href=\"http:\/\/www.talalkahely.hu\/#_Toc509926038\"> Jogszab\u00e1lyi hivatkoz\u00e1s<\/a><\/li>\n<li><a href=\"http:\/\/www.talalkahely.hu\/#_Toc509926039\"> \u00c9rtelmez\u0151 rendelkez\u00e9sek<\/a><\/li>\n<li><a href=\"http:\/\/www.talalkahely.hu\/#_Toc509926040\"> Adatv\u00e9delem<\/a><\/li>\n<\/ol>\n<p><a href=\"http:\/\/www.talalkahely.hu\/#_Toc509926041\">4.1.\u00a0\u00a0\u00a0\u00a0\u00a0 Elvek, szab\u00e1lyok<\/a><\/p>\n<p><a href=\"http:\/\/www.talalkahely.hu\/#_Toc509926042\">4.1.2.\u00a0\u00a0\u00a0 Adatkezel\u00e9s elvei, szab\u00e1lyai<\/a><\/p>\n<p><a href=\"http:\/\/www.talalkahely.hu\/#_Toc509926043\">4.2.\u00a0\u00a0\u00a0\u00a0\u00a0 \u00c9rintettek jogai<\/a><\/p>\n<ol start=\"5\">\n<li><a href=\"http:\/\/www.talalkahely.hu\/#_Toc509926044\"> Adatbiztons\u00e1g<\/a><\/li>\n<li><a href=\"http:\/\/www.talalkahely.hu\/#_Toc509926045\"> Titoktart\u00e1si k\u00f6telezetts\u00e9g<\/a><\/li>\n<li><a href=\"http:\/\/www.talalkahely.hu\/#_Toc509926046\"> Jogellenes adatkezel\u00e9s k\u00f6vetkezm\u00e9nyei<\/a><\/li>\n<\/ol>\n<p><a href=\"http:\/\/www.talalkahely.hu\/#_Toc509926047\">7.1.\u00a0\u00a0\u00a0\u00a0\u00a0 Nemzeti Adatv\u00e9delmi \u00e9s Inform\u00e1ci\u00f3szabads\u00e1g Hat\u00f3s\u00e1g el\u0151tti elj\u00e1r\u00e1s<\/a><\/p>\n<p><a href=\"http:\/\/www.talalkahely.hu\/#_Toc509926048\">7.2.\u00a0\u00a0\u00a0\u00a0\u00a0 B\u00edr\u00f3s\u00e1gi jog\u00e9rv\u00e9nyes\u00edt\u00e9s<\/a><\/p>\n<ol start=\"8\">\n<li><a href=\"http:\/\/www.talalkahely.hu\/#_Toc509926049\"> Z\u00e1r\u00f3 rendelkez\u00e9sek<\/a><\/li>\n<\/ol>\n<ol>\n<li><strong>\u00a0\u00a0\u00a0\u00a0\u00a0 <\/strong><strong>Szab\u00e1lyzat c\u00e9lja, hat\u00e1lya<\/strong><\/li>\n<\/ol>\n<p><strong>1.1.<\/strong><strong>\u00a0\u00a0 <\/strong><strong>C\u00e9lja<\/strong><\/p>\n<p>Jelen szab\u00e1lyzat c\u00e9lja, hogy a mindeningatlan.hu honlapon, mint Adatkezel\u0151, a zajl\u00f3 adatkezel\u00e9st, tiszteletben tartsa a term\u00e9szetes szem\u00e9lyek mag\u00e1nszf\u00e9r\u00e1j\u00e1t \u00e9s jogait.<\/p>\n<p>Az adatkezel\u00e9snek meg kell felelni az inform\u00e1ci\u00f3s \u00f6nrendelkez\u00e9s alkotm\u00e1nyos alapelv\u00e9nek, tov\u00e1bb\u00e1 a megkapott adatokkal vissza\u00e9l\u00e9s ne t\u00f6rt\u00e9njen az Adatkezel\u0151 birtok\u00e1ba jutott szenzit\u00edv inform\u00e1ci\u00f3k tekintet\u00e9ben.<\/p>\n<p><strong>Az Adatkezel\u0151 adatai:<\/strong><\/p>\n<p>A &#8220;Likebolt.com&#8221;\u00a0 port\u00e1lt \u00fczemeltet\u0151 c\u00e9g adatai: Okohaus.hu Kft 1188 Budapest, Nemes u. 43\u00a0 Ad\u00f3sz\u00e1m:25930179-2-43<\/p>\n<p>S\u00fcrg\u0151s eseti \u00fcgyint\u00e9z\u00e9s:\u00a0\u00a0 info@likebolt.com<\/p>\n<p>Az adatgy\u0171jt\u00e9ssel \u00e9s kezel\u00e9ssel kapcsolatos technikai teend\u0151ket a honlap mindenkori \u00fczemeltet\u0151je l\u00e1tja el.<\/p>\n<p><strong>1.2.<\/strong><strong>\u00a0\u00a0 <\/strong><strong>Hat\u00e1lya<\/strong><\/p>\n<p>E szab\u00e1lyzat hat\u00e1lya kiterjed a tlikebolt.com t\u00e1rhely\u00e9re a webfel\u00fcleten k\u00f6z\u00f6lt inform\u00e1ci\u00f3kra. A Szab\u00e1lyzat t\u00e1rgy hat\u00e1lya kiterjed az webfel\u00fcleten \u00e9s a hozz\u00e1 kapcsol\u00f3d\u00f3 kezelt valamennyi szem\u00e9lyes adatra, f\u00fcggetlen\u00fcl azok megjelen\u00e9si form\u00e1j\u00e1t\u00f3l, illetve fellel\u00e9si hely\u00e9t\u0151l. Ezen szab\u00e1lyzat alkalmazand\u00f3 az adatkezel\u00e9s \u00f6sszes f\u00e1zis\u00e1ra, tov\u00e1bb\u00e1 kiterjed az webfel\u00fcletet karbantart\u00f3 \u00e9s \u00fczemeltet\u0151 valamennyi alkalmazottj\u00e1ra.<\/p>\n<ol start=\"2\">\n<li><strong>\u00a0\u00a0\u00a0\u00a0\u00a0 <\/strong><strong>Jogszab\u00e1lyi hivatkoz\u00e1s<\/strong><\/li>\n<\/ol>\n<p>Jelen szab\u00e1lyzat megalkot\u00e1s\u00e1hoz az al\u00e1bbi jogszab\u00e1lyok alapj\u00e1n ker\u00fclt sor:<\/p>\n<p>\u00a8\u00a0\u00a0 <strong>Infotv.<\/strong>: 2011. \u00e9vi CXII. t\u00f6rv\u00e9ny az inform\u00e1ci\u00f3s \u00f6nrendelkez\u00e9si jogr\u00f3l \u00e9s az inform\u00e1ci\u00f3szabads\u00e1gr\u00f3l;<\/p>\n<p>\u00a8\u00a0\u00a0 <strong>GDPR<\/strong>: Eur\u00f3pai Parlament \u00e9s Tan\u00e1cs 2016\/679 sz. rendelete az \u00e1ltal\u00e1nos adatv\u00e9delmi rendelet<\/p>\n<p>\u00a8\u00a0\u00a0\u00a0 1998. \u00e9vi VI. t\u00f6rv\u00e9ny az egy\u00e9nek v\u00e9delm\u00e9r\u0151l a szem\u00e9lyes adatok g\u00e9pi feldolgoz\u00e1sa sor\u00e1n,<\/p>\n<p>\u00a8\u00a0\u00a0\u00a0 2013. \u00e9vi V. t\u00f6rv\u00e9ny a Polg\u00e1ri T\u00f6rv\u00e9nyk\u00f6nyvr\u0151l (a tov\u00e1bbiakban: Ptk.),<\/p>\n<p>\u00a8\u00a0\u00a0\u00a0 2012. \u00e9vi C. t\u00f6rv\u00e9ny a B\u00fcntet\u0151 T\u00f6rv\u00e9nyk\u00f6nyvr\u0151l (a tov\u00e1bbiakban: Btk.),<\/p>\n<p>\u00a8\u00a0\u00a0 4\/2012. (I.24.) NMHH rendelet a nyilv\u00e1nos elektronikus h\u00edrk\u00f6zl\u00e9si szolg\u00e1ltat\u00e1shoz kapcsol\u00f3d\u00f3 adatv\u00e9delmi \u00e9s titoktart\u00e1si k\u00f6telezetts\u00e9gre, az adatkezel\u00e9s \u00e9s a titokv\u00e9delem k\u00fcl\u00f6nleges felt\u00e9teleire, a h\u00e1l\u00f3zatok \u00e9s a szolg\u00e1ltat\u00e1sok biztons\u00e1g\u00e1ra \u00e9s integrit\u00e1s\u00e1ra, a forgalmi \u00e9s sz\u00e1ml\u00e1z\u00e1si adatok kezel\u00e9s\u00e9re, valamint az azonos\u00edt\u00f3kijelz\u00e9sre \u00e9s h\u00edv\u00e1s\u00e1tir\u00e1ny\u00edt\u00e1sra vonatkoz\u00f3 szab\u00e1lyokr\u00f3l,<\/p>\n<p>\u00a8\u00a0\u00a0 2\/2015. (III.30.) NMHH rendelet az elektronikus h\u00edrk\u00f6zl\u00e9si el\u0151fizet\u0151i szerz\u0151d\u00e9sek r\u00e9szletes szab\u00e1lyair\u00f3l,<\/p>\n<p>\u00a8\u00a0\u00a0 6\/2011. (X. 6.) NMHH rendelet az elektronikus h\u00edrk\u00f6zl\u00e9si el\u0151fizet\u0151i szerz\u0151d\u00e9sek r\u00e9szletes szab\u00e1lyair\u00f3l,<\/p>\n<p>\u00a8\u00a0\u00a0 a gazdas\u00e1gi rekl\u00e1mtev\u00e9kenys\u00e9g alapvet\u0151 felt\u00e9teleir\u0151l \u00e9s egyes korl\u00e1tair\u00f3l sz\u00f3l\u00f3 2008. \u00e9vi XLVIII. t\u00f6rv\u00e9ny,<\/p>\n<p>\u00a8\u00a0\u00a0 a sz\u00e1mvitelr\u0151l sz\u00f3l\u00f3 2000. \u00e9vi C. t\u00f6rv\u00e9ny (Sz\u00e1mviteli tv.)<\/p>\n<p>A Szab\u00e1lyzat a weblapon megadott szem\u00e9lyes adatok kezel\u00e9s\u00e9hez ker\u00fclt megalkot\u00e1sra.<\/p>\n<ol start=\"3\">\n<li><strong>\u00a0\u00a0\u00a0\u00a0\u00a0 <\/strong><strong>\u00c9rtelmez\u0151 rendelkez\u00e9sek<\/strong><\/li>\n<\/ol>\n<p>Az Infotv. 3. \u00a7 2. pontj\u00e1ban meghat\u00e1rozottak szerint \u201eszem\u00e9lyes adat: az \u00e9rintettel kapcsolatba hozhat\u00f3 adat \u2013 k\u00fcl\u00f6n\u00f6sen az \u00e9rintett neve, azonos\u00edt\u00f3 jele, valamint egy vagy t\u00f6bb fizikai, fiziol\u00f3giai, ment\u00e1lis, gazdas\u00e1gi, kultur\u00e1lis vagy szoci\u00e1lis azonoss\u00e1g\u00e1ra jellemz\u0151 ismeret -, valamint az adatb\u00f3l levonhat\u00f3, az \u00e9rintettre vonatkoz\u00f3 k\u00f6vetkeztet\u00e9s.\u201d<\/p>\n<p>Az Infotv. 3. \u00a7 7. pontj\u00e1ban foglaltak szerint \u201ehozz\u00e1j\u00e1rul\u00e1s: az \u00e9rintett akarat\u00e1nak \u00f6nk\u00e9ntes \u00e9s hat\u00e1rozott kinyilv\u00e1n\u00edt\u00e1sa, amely megfelel\u0151 t\u00e1j\u00e9koztat\u00e1son alapul, \u00e9s amellyel f\u00e9lre\u00e9rthetetlen beleegyez\u00e9s\u00e9t adja a r\u00e1 vonatkoz\u00f3 szem\u00e9lyes adatok \u2013 teljes k\u00f6r\u0171 vagy egyes m\u0171veletekre kiterjed\u0151 \u2013 kezel\u00e9s\u00e9hez.\u201d<\/p>\n<p>Az Infotv. 3. \u00a7 9. pontja kimondja, hogy \u201eadatkezel\u0151: az a term\u00e9szetes vagy jogi szem\u00e9ly, illetve jogi szem\u00e9lyis\u00e9ggel nem rendelkez\u0151 szervezet, aki vagy amely \u00f6n\u00e1ll\u00f3an vagy m\u00e1sokkal egy\u00fctt az adatok kezel\u00e9s\u00e9nek c\u00e9lj\u00e1t meghat\u00e1rozza, az adatkezel\u00e9sre (bele\u00e9rtve a felhaszn\u00e1lt eszk\u00f6zt) vonatkoz\u00f3 d\u00f6nt\u00e9seket meghozza \u00e9s v\u00e9grehajtja, vagy az \u00e1ltala megb\u00edzott adatfeldolgoz\u00f3val v\u00e9grehajtatja.\u201d<\/p>\n<p>Az Infotv. 3. \u00a7 10. pontja kimondja, hogy \u201eadatkezel\u00e9s: az alkalmazott elj\u00e1r\u00e1st\u00f3l f\u00fcggetlen\u00fcl az adatokon v\u00e9gzett b\u00e1rmely m\u0171velet vagy a m\u0171veletek \u00f6sszess\u00e9ge, \u00edgy k\u00fcl\u00f6n\u00f6sen gy\u0171jt\u00e9se, felv\u00e9tele, r\u00f6gz\u00edt\u00e9se, rendszerez\u00e9se, t\u00e1rol\u00e1sa, megv\u00e1ltoztat\u00e1sa, felhaszn\u00e1l\u00e1sa, lek\u00e9rdez\u00e9se, tov\u00e1bb\u00edt\u00e1sa, nyilv\u00e1noss\u00e1gra hozatala, \u00f6sszehangol\u00e1sa vagy \u00f6sszekapcsol\u00e1sa, z\u00e1rol\u00e1sa, t\u00f6rl\u00e9se \u00e9s megsemmis\u00edt\u00e9se, valamint az adatok tov\u00e1bbi felhaszn\u00e1l\u00e1s\u00e1nak megakad\u00e1lyoz\u00e1sa, f\u00e9nyk\u00e9p-, hang vagy k\u00e9pfelv\u00e9tel k\u00e9sz\u00edt\u00e9se<\/p>\n<p>Az Infotv 3. \u00a7 22. pontja \u00e9rtelm\u00e9ben \u201eharmadik szem\u00e9ly: olyan term\u00e9szetes vagy jogi szem\u00e9ly, illetve jogi szem\u00e9lyis\u00e9ggel nem rendelkez\u0151 szervezet, aki vagy amely nem azonos az \u00e9rintettel, az adatkezel\u0151vel vagy az adatfeldolgoz\u00f3val.<\/p>\n<ol start=\"4\">\n<li><strong>\u00a0\u00a0\u00a0\u00a0\u00a0 <\/strong><strong>Adatv\u00e9delem<\/strong><\/li>\n<\/ol>\n<p><strong>4.1.<\/strong><strong>\u00a0\u00a0 <\/strong><strong>Elvek, szab\u00e1lyok<\/strong><\/p>\n<p>4.1.2.\u00a0 Adatkezel\u00e9s elvei, szab\u00e1lyai<\/p>\n<p>Szem\u00e9lyes adat kiz\u00e1r\u00f3lag meghat\u00e1rozott c\u00e9lb\u00f3l, jog gyakorl\u00e1sa \u00e9s k\u00f6telezetts\u00e9g teljes\u00edt\u00e9se \u00e9rdek\u00e9ben kezelhet\u0151. Az adatkezel\u00e9snek minden szakasz\u00e1ban meg kell felelnie az adatkezel\u00e9s c\u00e9lj\u00e1nak, az adatok felv\u00e9tel\u00e9nek \u00e9s kezel\u00e9s\u00e9nek tisztess\u00e9gesnek \u00e9s t\u00f6rv\u00e9nyesnek kell lennie.<\/p>\n<p>Csak olyan szem\u00e9lyes adat kezelhet\u0151, amely az adatkezel\u00e9s c\u00e9lj\u00e1nak megval\u00f3sul\u00e1s\u00e1hoz elengedhetetlen, a c\u00e9l el\u00e9r\u00e9s\u00e9re alkalmas. A szem\u00e9lyes adat csak a c\u00e9l megval\u00f3sul\u00e1s\u00e1hoz sz\u00fcks\u00e9ges m\u00e9rt\u00e9kben \u00e9s ideig kezelhet\u0151.<\/p>\n<p>A szem\u00e9lyes adat az adatkezel\u00e9s sor\u00e1n mindaddig meg\u0151rzi e min\u0151s\u00e9g\u00e9t, am\u00edg kapcsolata az \u00e9rintettel helyre\u00e1ll\u00edthat\u00f3. Az \u00e9rintettel akkor helyre\u00e1ll\u00edthat\u00f3 a kapcsolat, ha az adatkezel\u0151 rendelkezik azokkal a technikai felt\u00e9telekkel, amelyek a helyre\u00e1ll\u00edt\u00e1shoz sz\u00fcks\u00e9gesek.<\/p>\n<p>Az adatkezel\u00e9s sor\u00e1n biztos\u00edtani kell az adatok pontoss\u00e1g\u00e1t, teljess\u00e9g\u00e9t \u00e9s &#8211; ha az adatkezel\u00e9s c\u00e9lj\u00e1ra tekintettel sz\u00fcks\u00e9ges &#8211; naprak\u00e9szs\u00e9g\u00e9t, valamint azt, hogy az \u00e9rintettet csak az adatkezel\u00e9s c\u00e9lj\u00e1hoz sz\u00fcks\u00e9ges ideig lehessen azonos\u00edtani.<\/p>\n<p>Adatkezel\u00e9st webfel\u00fclet csak akkor v\u00e9gez, ha<\/p>\n<p>\u00a8\u00a0\u00a0\u00a0\u00a0 ahhoz az \u00e9rintett hozz\u00e1j\u00e1rul<\/p>\n<p>&#8211; weblap eset\u00e9ben a f\u00f3rumhoz t\u00f6rt\u00e9n\u0151 hozz\u00e1sz\u00f3l\u00e1s, k\u00e9rd\u00e9s feltev\u00e9s;<\/p>\n<p>&#8211; jogi \u00fcgyek rendez\u00e9se eset\u00e9n a sz\u00fcks\u00e9ges szem\u00e9lyes adatok bek\u00e9r\u00e9se, vagy<\/p>\n<p>&#8211; regisztr\u00e1ci\u00f3 sor\u00e1n az al\u00e1bbi adatokat: vezet\u00e9knev\u00e9t, keresztnev\u00e9t, sz\u00fclet\u00e9si d\u00e1tum\u00e1t, saj\u00e1t e-mail c\u00edm\u00e9t, banksz\u00e1mlasz\u00e1m\u00e1t, telefonos el\u00e9rhet\u0151s\u00e9g\u00e9t<\/p>\n<p>\u00a8\u00a0\u00a0\u00a0\u00a0 azt t\u00f6rv\u00e9ny vagy \u2013 t\u00f6rv\u00e9ny felhatalmaz\u00e1sa alapj\u00e1n, az abban meghat\u00e1rozott k\u00f6rben \u2013 helyi \u00f6nkorm\u00e1nyzat rendelete k\u00f6z\u00e9rdeken alapul\u00f3 c\u00e9lb\u00f3l elrendeli (a tov\u00e1bbiakban: k\u00f6telez\u0151 adatkezel\u00e9s).<\/p>\n<p>Szem\u00e9lyes adat kezelhet\u0151 akkor is, ha az \u00e9rintett hozz\u00e1j\u00e1rul\u00e1s\u00e1nak beszerz\u00e9se lehetetlen vagy ar\u00e1nytalan k\u00f6lts\u00e9ggel j\u00e1rna, \u00e9s a szem\u00e9lyes adat kezel\u00e9se<\/p>\n<p>a) az adatkezel\u0151re vonatkoz\u00f3 jogi k\u00f6telezetts\u00e9g teljes\u00edt\u00e9se c\u00e9lj\u00e1b\u00f3l sz\u00fcks\u00e9ges, vagy<\/p>\n<p>b) az adatkezel\u0151 vagy harmadik szem\u00e9ly jogos \u00e9rdek\u00e9nek \u00e9rv\u00e9nyes\u00edt\u00e9se c\u00e9lj\u00e1b\u00f3l sz\u00fcks\u00e9ges, \u00e9s ezen \u00e9rdek \u00e9rv\u00e9nyes\u00edt\u00e9se a szem\u00e9lyes adatok v\u00e9delm\u00e9hez f\u0171z\u0151d\u0151 jog korl\u00e1toz\u00e1s\u00e1val ar\u00e1nyban \u00e1ll.<\/p>\n<p>Ha a hozz\u00e1j\u00e1rul\u00e1son alapul\u00f3 adatkezel\u00e9s c\u00e9lja az adatkezel\u0151vel \u00edr\u00e1sban k\u00f6t\u00f6tt szerz\u0151d\u00e9s v\u00e9grehajt\u00e1sa, a szerz\u0151d\u00e9snek tartalmaznia kell minden olyan inform\u00e1ci\u00f3t, amelyet a szem\u00e9lyes adatok kezel\u00e9se szempontj\u00e1b\u00f3l &#8211; e t\u00f6rv\u00e9ny alapj\u00e1n &#8211; az \u00e9rintettnek ismernie kell, \u00edgy k\u00fcl\u00f6n\u00f6sen a kezelend\u0151 adatok meghat\u00e1roz\u00e1s\u00e1t, az adatkezel\u00e9s id\u0151tartam\u00e1t, a felhaszn\u00e1l\u00e1s c\u00e9lj\u00e1t, az adatok tov\u00e1bb\u00edt\u00e1s\u00e1nak t\u00e9ny\u00e9t, c\u00edmzettjeit, adatfeldolgoz\u00f3 ig\u00e9nybev\u00e9tel\u00e9nek t\u00e9ny\u00e9t. A szerz\u0151d\u00e9snek f\u00e9lre\u00e9rthetetlen m\u00f3don tartalmaznia kell, hogy az \u00e9rintett al\u00e1\u00edr\u00e1s\u00e1val hozz\u00e1j\u00e1rul adatainak a szerz\u0151d\u00e9sben meghat\u00e1rozottak szerinti kezel\u00e9s\u00e9hez.<\/p>\n<p>A felhaszn\u00e1l\u00f3 \u00e1ltal megadott Adatok eset\u00e9ben az adatok kezel\u00e9s\u00e9nek c\u00e9lja<\/p>\n<p><strong>&#8211;\u00a0<\/strong>a felhaszn\u00e1l\u00f3 jogosults\u00e1g\u00e1nak azonos\u00edt\u00e1sa, illetve ellen\u0151rz\u00e9se (azaz a szolg\u00e1ltat\u00e1sokhoz val\u00f3 hozz\u00e1f\u00e9r\u00e9s enged\u00e9lyez\u00e9se),<\/p>\n<p>&#8211; a felhaszn\u00e1l\u00f3 \u00e1ltal megrendelt tov\u00e1bbi szolg\u00e1ltat\u00e1s (pl.: \u00e9rtes\u00edt\u00e9sek, h\u00edrlevelek, m\u0171soraj\u00e1nlatok, h\u0171s\u00e9gprogramok, akci\u00f3k, rekl\u00e1mok, a tov\u00e1bbiakban: \u201eTov\u00e1bbi Szolg\u00e1ltat\u00e1s\u201d) k\u00fcld\u00e9s\u00e9nek lehet\u0151s\u00e9ge.<\/p>\n<p>&#8211; hirdet\u00e9sek felt\u00f6lt\u00e9se<\/p>\n<p>Az Adatkezel\u0151 v\u00e1llalja, hogy a felhaszn\u00e1l\u00f3k sz\u00e1m\u00e1ra b\u00e1rmilyen Tov\u00e1bbi Szolg\u00e1ltat\u00e1st csak a felhaszn\u00e1l\u00f3k el\u0151zetes k\u00e9r\u00e9s\u00e9re, illetve hozz\u00e1j\u00e1rul\u00e1s\u00e1val k\u00fcld meg \u00e9s minden esetben biztos\u00edtja az ehhez hasonl\u00f3 kommunik\u00e1ci\u00f3s szolg\u00e1ltat\u00e1sok megsz\u00fcntet\u00e9s\u00e9nek lehet\u0151s\u00e9g\u00e9t.<\/p>\n<p>Az Adatkezel\u0151 a megjel\u00f6lt c\u00e9lokt\u00f3l elt\u00e9r\u0151 c\u00e9lra az Adatokat nem haszn\u00e1lja. Az Adatokat harmadik szem\u00e9lyeknek csak a felhaszn\u00e1l\u00f3 el\u0151zetes \u00e9s r\u00e9szletes, kimer\u00edt\u0151 t\u00e1j\u00e9koztat\u00e1son alapul\u00f3, \u00f6nk\u00e9ntes \u00e9s tudatos hozz\u00e1j\u00e1rul\u00e1sa eset\u00e9n adja \u00e1t. Ez nem vonatkozik azokra az esetekre, ha jogszab\u00e1ly az Adatkezel\u0151 sz\u00e1m\u00e1ra k\u00f6telezetts\u00e9gk\u00e9nt \u00edrja el\u0151 az adattov\u00e1bb\u00edt\u00e1st.<\/p>\n<p><strong>4.2.<\/strong><strong>\u00a0\u00a0\u00a0\u00a0\u00a0 <\/strong><strong>Adatkezel\u00e9s id\u0151tartama<\/strong><\/p>\n<p>Az adatkezel\u00e9s id\u0151tartama a felhaszn\u00e1l\u00f3 regisztr\u00e1ci\u00f3j\u00e1t\u00f3l a felhaszn\u00e1l\u00f3 lejelentkez\u00e9s\u00e9ig tart. Az Adatkezel\u0151 a felhaszn\u00e1l\u00f3 kil\u00e9p\u00e9s\u00e9t\u0151l sz\u00e1m\u00edtott 3 munkanapon bel\u00fcl a felhaszn\u00e1l\u00f3nak minden adat\u00e1t t\u00f6rli a rendszer\u00e9b\u0151l.<\/p>\n<p>4.3.\u00a0\u00a0\u00a0\u00a0\u00a0 Adatfeldolgoz\u00e1s<\/p>\n<p>Az Adatkezel\u0151 az Adatokat digit\u00e1lis form\u00e1ban t\u00e1rolja. A kezelt Adatokhoz az Adatkezel\u0151 munkat\u00e1rsai k\u00f6z\u00fcl is csak a kezelt Adatokhoz kapcsol\u00f3d\u00f3 szolg\u00e1ltat\u00e1sok teljes\u00edt\u00e9s\u00e9ben r\u00e9sztvev\u0151 munkat\u00e1rsak k\u00f6z\u00fcl az erre feljogos\u00edtottak f\u00e9rhetnek hozz\u00e1. Az Adatok biztons\u00e1ga \u00e9rdek\u00e9ben az Adatkezel\u0151 legal\u00e1bb a szakm\u00e1ban szok\u00e1sos v\u00e9delmi rendszert alkalmazza \u00e9s gondoskodik annak rendszeres friss\u00edt\u00e9s\u00e9r\u0151l, b\u0151v\u00edt\u00e9s\u00e9r\u0151l, de ezen t\u00fal is mindent megtesz, ami az adott helyzetben elv\u00e1rhat\u00f3 annak \u00e9rdek\u00e9ben, hogy a kezelt Adatokhoz illet\u00e9ktelenek hozz\u00e1 ne f\u00e9rjenek.<\/p>\n<p><strong>4.4.<\/strong><strong>\u00a0\u00a0\u00a0\u00a0\u00a0 <\/strong><strong>\u00c9rintettek jogai<\/strong><\/p>\n<p>Az \u00e9rintettel az adatkezel\u00e9s megkezd\u00e9se el\u0151tt k\u00f6z\u00f6lni kell, hogy az adatkezel\u00e9s hozz\u00e1j\u00e1rul\u00e1son alapul vagy k\u00f6telez\u0151.<\/p>\n<p>Az \u00e9rintettet az adatkezel\u00e9s megkezd\u00e9se el\u0151tt egy\u00e9rtelm\u0171en \u00e9s r\u00e9szletesen t\u00e1j\u00e9koztatni kell az adatai kezel\u00e9s\u00e9vel kapcsolatos minden t\u00e9nyr\u0151l, k\u00fcl\u00f6n\u00f6sen az adatkezel\u00e9s c\u00e9lj\u00e1r\u00f3l \u00e9s jogalapj\u00e1r\u00f3l, az adatkezel\u00e9sre \u00e9s az adatfeldolgoz\u00e1sra jogosult szem\u00e9ly\u00e9r\u0151l, az adatkezel\u00e9s id\u0151tartam\u00e1r\u00f3l, illetve arr\u00f3l, hogy kik ismerhetik meg az adatokat. A t\u00e1j\u00e9koztat\u00e1snak ki kell terjednie az \u00e9rintett adatkezel\u00e9ssel kapcsolatos jogaira \u00e9s jogorvoslati lehet\u0151s\u00e9geire is.<\/p>\n<p>Az \u00e9rintett k\u00e9relmezheti az adatkezel\u0151n\u00e9l<\/p>\n<p>a) t\u00e1j\u00e9koztat\u00e1s\u00e1t szem\u00e9lyes adatai kezel\u00e9s\u00e9r\u0151l,<\/p>\n<p>b) szem\u00e9lyes adatainak helyesb\u00edt\u00e9s\u00e9t, valamint<\/p>\n<p>c) szem\u00e9lyes adatainak &#8211; a k\u00f6telez\u0151 adatkezel\u00e9s kiv\u00e9tel\u00e9vel &#8211; t\u00f6rl\u00e9s\u00e9t vagy z\u00e1rol\u00e1s\u00e1t.<\/p>\n<p>Az \u00e9rintett tiltakozhat szem\u00e9lyes adat\u00e1nak kezel\u00e9se ellen,<\/p>\n<p>\u00a8\u00a0\u00a0\u00a0\u00a0 ha a szem\u00e9lyes adatok kezel\u00e9se vagy tov\u00e1bb\u00edt\u00e1sa kiz\u00e1r\u00f3lag az adatkezel\u0151re vonatkoz\u00f3 jogi k\u00f6telezetts\u00e9g teljes\u00edt\u00e9s\u00e9hez vagy az adatkezel\u0151, adat\u00e1tvev\u0151 vagy harmadik szem\u00e9ly jogos \u00e9rdek\u00e9nek \u00e9rv\u00e9nyes\u00edt\u00e9s\u00e9hez sz\u00fcks\u00e9ges, kiv\u00e9ve k\u00f6telez\u0151 adatkezel\u00e9s eset\u00e9n;<\/p>\n<p>\u00a8\u00a0\u00a0\u00a0\u00a0 ha a szem\u00e9lyes adat felhaszn\u00e1l\u00e1sa vagy tov\u00e1bb\u00edt\u00e1sa k\u00f6zvetlen \u00fczletszerz\u00e9s, k\u00f6zv\u00e9lem\u00e9ny-kutat\u00e1s vagy tudom\u00e1nyos kutat\u00e1s c\u00e9lj\u00e1ra t\u00f6rt\u00e9nik; valamint<\/p>\n<p>\u00a8\u00a0\u00a0\u00a0\u00a0 t\u00f6rv\u00e9nyben meghat\u00e1rozott egy\u00e9b esetben.<\/p>\n<p>Az adatkezel\u0151 a tiltakoz\u00e1st a k\u00e9relem beny\u00fajt\u00e1s\u00e1t\u00f3l sz\u00e1m\u00edtott legr\u00f6videbb id\u0151n bel\u00fcl, de legfeljebb 15 napon bel\u00fcl megvizsg\u00e1lja, annak megalapozotts\u00e1ga k\u00e9rd\u00e9s\u00e9ben d\u00f6nt\u00e9st hoz, \u00e9s d\u00f6nt\u00e9s\u00e9r\u0151l a k\u00e9relmez\u0151t \u00edr\u00e1sban t\u00e1j\u00e9koztatja.<\/p>\n<p>A weblap eset\u00e9ben a f\u00f3rumhoz t\u00f6rt\u00e9n\u0151 moder\u00e1ci\u00f3 illetve a feltett k\u00e9rd\u00e9s eset\u00e9n a v\u00e1laszad\u00e1s befejez\u00e9s\u00e9ig. Az adatot (e-mail c\u00edm, n\u00e9v) maximum 1 \u00e9vig anonimiz\u00e1ltan ker\u00fclnek t\u00e1rol\u00e1sa, amennyiben a megadand\u00f3 adat visszavezethet\u0151 a szem\u00e9lyhez.<\/p>\n<ol start=\"5\">\n<li><strong>\u00a0\u00a0\u00a0\u00a0\u00a0\u00a0\u00a0\u00a0\u00a0 <\/strong><strong>Adatbiztons\u00e1g<\/strong><\/li>\n<\/ol>\n<p>Az adatkezel\u0151 k\u00f6teles az adatkezel\u00e9si m\u0171veleteket \u00fagy megtervezni \u00e9s v\u00e9grehajtani, hogy biztos\u00edtsa az \u00e9rintettek mag\u00e1nszf\u00e9r\u00e1j\u00e1nak v\u00e9delm\u00e9t.<\/p>\n<p>Az Adatkezel\u0151 gondoskodik az adatok biztons\u00e1g\u00e1r\u00f3l, megteszi azokat a technikai \u00e9s szervez\u00e9si int\u00e9zked\u00e9seket \u00e9s kialak\u00edtja azokat az elj\u00e1r\u00e1si szab\u00e1lyokat, amelyek az Infotv. \u00e9rv\u00e9nyre juttat\u00e1s\u00e1hoz sz\u00fcks\u00e9gesek<\/p>\n<p>Weblab \u00fczemelet\u0151je gondoskodik az adatok jogosulatlan hozz\u00e1f\u00e9r\u00e9s elker\u00fcl\u00e9se \u00e9rdek\u00e9ben, megv\u00e1ltoztat\u00e1s, tov\u00e1bb\u00edt\u00e1s, nyilv\u00e1noss\u00e1gra hozatal, t\u00f6rl\u00e9s vagy megsemmis\u00edt\u00e9s, valamint a v\u00e9letlen megsemmis\u00fcl\u00e9s \u00e9s s\u00e9r\u00fcl\u00e9s, tov\u00e1bb\u00e1 az alkalmazott technika megv\u00e1ltoz\u00e1s\u00e1b\u00f3l fakad\u00f3 hozz\u00e1f\u00e9rhetetlenn\u00e9 v\u00e1l\u00e1s ellen.<\/p>\n<p>Irod\u00e1m biztos\u00edtja, hogy az \u00e9rintett adatokba kiz\u00e1r\u00f3lag a feladat ell\u00e1t\u00e1s\u00e1ban k\u00f6zrem\u0171k\u00f6d\u0151 alkalmazottak nyerjenek betekint\u00e9st. Valamint Irod\u00e1m rendelkezik megfelel\u0151 v\u00e9delemmel az egyes sz\u00e1m\u00edt\u00f3g\u00e9pek illetve a sz\u00e1m\u00edt\u00f3g\u00e9pes h\u00e1l\u00f3zat eg\u00e9sz\u00e9re vonatkoz\u00f3an.<\/p>\n<ol start=\"6\">\n<li><strong>\u00a0\u00a0\u00a0\u00a0\u00a0\u00a0\u00a0\u00a0\u00a0 <\/strong><strong>Titoktart\u00e1si k\u00f6telezetts\u00e9g<\/strong><\/li>\n<\/ol>\n<p>Adatkezel\u0151 \u00e9s alkalmazottai v\u00e1llalj\u00e1k, hogy a feladatv\u00e9gz\u00e9s\u00fck sor\u00e1n tudom\u00e1sukra jutott szem\u00e9lyes adatokat id\u0151beli korl\u00e1toz\u00e1s n\u00e9lk\u00fcl meg\u0151rzik. A munkav\u00e1llal\u00f3k k\u00f6telezetts\u00e9get v\u00e1llalnak arra, hogy az \u00e9rintett adatokat kiz\u00e1r\u00f3lag feladataik teljes\u00edt\u00e9se sor\u00e1n haszn\u00e1lj\u00e1k fel, illetve harmadik szem\u00e9lyeknek nem adj\u00e1k ki azokat.<\/p>\n<ol start=\"7\">\n<li><strong>\u00a0\u00a0\u00a0\u00a0\u00a0\u00a0\u00a0\u00a0\u00a0 <\/strong><strong>Jogellenes adatkezel\u00e9s k\u00f6vetkezm\u00e9nyei<\/strong><\/li>\n<\/ol>\n<p><strong>7.1.<\/strong><strong>\u00a0\u00a0\u00a0\u00a0\u00a0 <\/strong><strong>Nemzeti Adatv\u00e9delmi \u00e9s Inform\u00e1ci\u00f3szabads\u00e1g Hat\u00f3s\u00e1g el\u0151tti elj\u00e1r\u00e1s<\/strong><\/p>\n<p>B\u00e1rki vizsg\u00e1latot kezdem\u00e9nyezhet a Hat\u00f3s\u00e1gn\u00e1l bejelent\u00e9ssel arra hivatkoz\u00e1ssal, hogy szem\u00e9lyes adatok kezel\u00e9s\u00e9vel, illetve a k\u00f6z\u00e9rdek\u0171 adatok vagy a k\u00f6z\u00e9rdekb\u0151l nyilv\u00e1nos adatok megismer\u00e9s\u00e9hez f\u0171z\u0151d\u0151 jogok gyakorl\u00e1s\u00e1val kapcsolatban jogs\u00e9relem k\u00f6vetkezett be, vagy annak k\u00f6zvetlen vesz\u00e9lye fenn\u00e1ll.<\/p>\n<p>A Hat\u00f3s\u00e1g a bejelent\u00e9s alapj\u00e1n lefolytatott vizsg\u00e1latr\u00f3l jelent\u00e9st k\u00e9sz\u00edthet, ha az \u00fcgyben a Hat\u00f3s\u00e1g \u00e1ltal hat\u00f3s\u00e1gi elj\u00e1r\u00e1s vagy b\u00edr\u00f3s\u00e1gi elj\u00e1r\u00e1s megind\u00edt\u00e1s\u00e1ra nem ker\u00fclt sor.<\/p>\n<p>A szem\u00e9lyes adatok v\u00e9delm\u00e9hez val\u00f3 jog \u00e9rv\u00e9nyes\u00fcl\u00e9se \u00e9rdek\u00e9ben a Hat\u00f3s\u00e1g adatv\u00e9delmi hat\u00f3s\u00e1gi elj\u00e1r\u00e1st ind\u00edthat, illetve ind\u00edt. Az elj\u00e1r\u00e1s hat\u00f3s\u00e1gi hat\u00e1rozattal j\u00e1rul.<\/p>\n<p><strong>7.2.<\/strong><strong>\u00a0\u00a0\u00a0\u00a0\u00a0 <\/strong><strong>B\u00edr\u00f3s\u00e1gi jog\u00e9rv\u00e9nyes\u00edt\u00e9s<\/strong><\/p>\n<p>Az \u00e9rintett a jogainak megs\u00e9rt\u00e9se eset\u00e9n az adatkezel\u0151 ellen b\u00edr\u00f3s\u00e1ghoz fordulhat.<\/p>\n<p>Az adatkezel\u0151 esetleges jogs\u00e9rt\u00e9se ellen panasszal a Nemzeti Adatv\u00e9delmi \u00e9s Inform\u00e1ci\u00f3szabads\u00e1g Hat\u00f3s\u00e1gn\u00e1l lehet \u00e9lni:<\/p>\n<p>Nemzeti Adatv\u00e9delmi \u00e9s Inform\u00e1ci\u00f3szabads\u00e1g Hat\u00f3s\u00e1g<\/p>\n<p>1125 Budapest, Szil\u00e1gyi Erzs\u00e9bet fasor 22\/C.\u00a0 Levelez\u00e9si c\u00edm: 1530 Budapest, Postafi\u00f3k: 5.<\/p>\n<p>Telefon: +36 -1-391-1400\u00a0 &#8211;\u00a0\u00a0 Fax: +36-1-391-1410\u00a0 &#8211;\u00a0\u00a0 E-mail: <a href=\"mailto:ugyfelszolgalat@naih.hu\">ugyfelszolgalat@naih.hu<\/a><\/p>\n<ol start=\"8\">\n<li><strong>\u00a0\u00a0\u00a0\u00a0\u00a0\u00a0\u00a0\u00a0\u00a0 <\/strong><strong>Z\u00e1r\u00f3 rendelkez\u00e9sek<\/strong><\/li>\n<\/ol>\n<p>E Szab\u00e1lyzat 2018. janu\u00e1r 05. napj\u00e1n l\u00e9p hat\u00e1lyba.<\/p>\n","protected":false},"excerpt":{"rendered":"<p>Adatkezel\u00e9si Szab\u00e1lyzat \u00a0Tartalomjegyz\u00e9k Adatkezel\u00e9si Szab\u00e1lyzat Szab\u00e1lyzat c\u00e9lja, hat\u00e1lya 1.1.\u00a0\u00a0\u00a0\u00a0\u00a0 C\u00e9lja 1.2.\u00a0\u00a0\u00a0\u00a0\u00a0\u00a0 Hat\u00e1lya Jogszab\u00e1lyi hivatkoz\u00e1s \u00c9rtelmez\u0151 rendelkez\u00e9sek Adatv\u00e9delem 4.1.\u00a0\u00a0\u00a0\u00a0\u00a0 Elvek, szab\u00e1lyok 4.1.2.\u00a0\u00a0\u00a0 Adatkezel\u00e9s elvei, szab\u00e1lyai 4.2.\u00a0\u00a0\u00a0\u00a0\u00a0 \u00c9rintettek jogai Adatbiztons\u00e1g Titoktart\u00e1si k\u00f6telezetts\u00e9g Jogellenes adatkezel\u00e9s k\u00f6vetkezm\u00e9nyei 7.1.\u00a0\u00a0\u00a0\u00a0\u00a0 Nemzeti Adatv\u00e9delmi \u00e9s Inform\u00e1ci\u00f3szabads\u00e1g Hat\u00f3s\u00e1g el\u0151tti elj\u00e1r\u00e1s 7.2.\u00a0\u00a0\u00a0\u00a0\u00a0 B\u00edr\u00f3s\u00e1gi jog\u00e9rv\u00e9nyes\u00edt\u00e9s Z\u00e1r\u00f3 rendelkez\u00e9sek \u00a0\u00a0\u00a0\u00a0\u00a0 Szab\u00e1lyzat c\u00e9lja, hat\u00e1lya 1.1.\u00a0\u00a0 C\u00e9lja Jelen szab\u00e1lyzat c\u00e9lja, [&hellip;]<\/p>\n","protected":false},"author":1,"featured_media":0,"parent":0,"menu_order":0,"comment_status":"open","ping_status":"open","template":"","meta":[],"_links":{"self":[{"href":"https:\/\/www.likebolt.com\/index.php?rest_route=\/wp\/v2\/pages\/65"}],"collection":[{"href":"https:\/\/www.likebolt.com\/index.php?rest_route=\/wp\/v2\/pages"}],"about":[{"href":"https:\/\/www.likebolt.com\/index.php?rest_route=\/wp\/v2\/types\/page"}],"author":[{"embeddable":true,"href":"https:\/\/www.likebolt.com\/index.php?rest_route=\/wp\/v2\/users\/1"}],"replies":[{"embeddable":true,"href":"https:\/\/www.likebolt.com\/index.php?rest_route=%2Fwp%2Fv2%2Fcomments&post=65"}],"version-history":[{"count":10,"href":"https:\/\/www.likebolt.com\/index.php?rest_route=\/wp\/v2\/pages\/65\/revisions"}],"predecessor-version":[{"id":1618,"href":"https:\/\/www.likebolt.com\/index.php?rest_route=\/wp\/v2\/pages\/65\/revisions\/1618"}],"wp:attachment":[{"href":"https:\/\/www.likebolt.com\/index.php?rest_route=%2Fwp%2Fv2%2Fmedia&parent=65"}],"curies":[{"name":"wp","href":"https:\/\/api.w.org\/{rel}","templated":true}]}}