{"id":7,"date":"2014-08-27T13:49:34","date_gmt":"2014-08-27T13:49:34","guid":{"rendered":"http:\/\/ilike.kizman.eu\/?page_id=7"},"modified":"2014-08-27T13:49:34","modified_gmt":"2014-08-27T13:49:34","slug":"kosar","status":"publish","type":"page","link":"https:\/\/www.likebolt.com\/?page_id=7","title":{"rendered":"Kos\u00e1r"},"content":{"rendered":"<div class=\"woocommerce\"><div class=\"woocommerce-notices-wrapper\"><\/div><p class=\"cart-empty woocommerce-info\">Jelenleg \u00fcres a bev\u00e1s\u00e1rl\u00f3kos\u00e1r.<\/p>\t<p class=\"return-to-shop\">\n\t\t<a class=\"button wc-backward\" href=\"https:\/\/www.likebolt.com\/\">\n\t\t\tV\u00e1s\u00e1rl\u00e1s folytat\u00e1sa\t\t<\/a>\n\t<\/p>\n<\/div>\n","protected":false},"excerpt":{"rendered":"","protected":false},"author":1,"featured_media":0,"parent":0,"menu_order":0,"comment_status":"closed","ping_status":"open","template":"","meta":[],"_links":{"self":[{"href":"https:\/\/www.likebolt.com\/index.php?rest_route=\/wp\/v2\/pages\/7"}],"collection":[{"href":"https:\/\/www.likebolt.com\/index.php?rest_route=\/wp\/v2\/pages"}],"about":[{"href":"https:\/\/www.likebolt.com\/index.php?rest_route=\/wp\/v2\/types\/page"}],"author":[{"embeddable":true,"href":"https:\/\/www.likebolt.com\/index.php?rest_route=\/wp\/v2\/users\/1"}],"replies":[{"embeddable":true,"href":"https:\/\/www.likebolt.com\/index.php?rest_route=%2Fwp%2Fv2%2Fcomments&post=7"}],"version-history":[{"count":0,"href":"https:\/\/www.likebolt.com\/index.php?rest_route=\/wp\/v2\/pages\/7\/revisions"}],"wp:attachment":[{"href":"https:\/\/www.likebolt.com\/index.php?rest_route=%2Fwp%2Fv2%2Fmedia&parent=7"}],"curies":[{"name":"wp","href":"https:\/\/api.w.org\/{rel}","templated":true}]}}