{"id":1081,"date":"2019-02-13T12:36:31","date_gmt":"2019-02-13T10:36:31","guid":{"rendered":"http:\/\/ilike.kizman.eu\/?product=400-facebook-like-vagy-kep-kedveles-masolat"},"modified":"2019-06-19T12:56:58","modified_gmt":"2019-06-19T10:56:58","slug":"400-facebook-like-vagy-kep-kedveles-masolat","status":"publish","type":"product","link":"https:\/\/www.likebolt.com\/?product=400-facebook-like-vagy-kep-kedveles-masolat","title":{"rendered":"400 Facebook like vagy k\u00e9p kedvel\u00e9s"},"content":{"rendered":"<p>1 Kedvel\u00e9s = 25 Forint<\/p>\n<p>\u00d6sszesen 400 kedvel\u00e9st szolg\u00e1ltatunk b\u00e1rmely kiv\u00e1lasztott facebook k\u00e9pre, rajong\u00f3i oldalra,csak a weboldal c\u00edm\u00e9re van sz\u00fcks\u00e9g,a t\u00f6bbit pedig mi ny\u00fajtjuk.<\/p>\n<p>V\u00e1rhat\u00f3 sz\u00e1ll\u00edt\u00e1si id\u0151: 3-5 nap<\/p>\n","protected":false},"excerpt":{"rendered":"<p>1 Kedvel\u00e9s = 25 Forint \u00d6sszesen 400 kedvel\u00e9st szolg\u00e1ltatunk b\u00e1rmely kiv\u00e1lasztott facebook k\u00e9pre, rajong\u00f3i oldalra,csak a weboldal c\u00edm\u00e9re van sz\u00fcks\u00e9g,a t\u00f6bbit pedig mi ny\u00fajtjuk. V\u00e1rhat\u00f3 sz\u00e1ll\u00edt\u00e1si id\u0151: 3-5 nap<\/p>\n","protected":false},"featured_media":15,"comment_status":"open","ping_status":"closed","template":"","meta":[],"product_cat":[14],"product_tag":[],"_links":{"self":[{"href":"https:\/\/www.likebolt.com\/index.php?rest_route=\/wp\/v2\/product\/1081"}],"collection":[{"href":"https:\/\/www.likebolt.com\/index.php?rest_route=\/wp\/v2\/product"}],"about":[{"href":"https:\/\/www.likebolt.com\/index.php?rest_route=\/wp\/v2\/types\/product"}],"replies":[{"embeddable":true,"href":"https:\/\/www.likebolt.com\/index.php?rest_route=%2Fwp%2Fv2%2Fcomments&post=1081"}],"wp:featuredmedia":[{"embeddable":true,"href":"https:\/\/www.likebolt.com\/index.php?rest_route=\/wp\/v2\/media\/15"}],"wp:attachment":[{"href":"https:\/\/www.likebolt.com\/index.php?rest_route=%2Fwp%2Fv2%2Fmedia&parent=1081"}],"wp:term":[{"taxonomy":"product_cat","embeddable":true,"href":"https:\/\/www.likebolt.com\/index.php?rest_route=%2Fwp%2Fv2%2Fproduct_cat&post=1081"},{"taxonomy":"product_tag","embeddable":true,"href":"https:\/\/www.likebolt.com\/index.php?rest_route=%2Fwp%2Fv2%2Fproduct_tag&post=1081"}],"curies":[{"name":"wp","href":"https:\/\/api.w.org\/{rel}","templated":true}]}}