{"id":1098,"date":"2019-03-07T14:07:44","date_gmt":"2019-03-07T12:07:44","guid":{"rendered":"http:\/\/ilike.kizman.eu\/?product=1000-instagram-kep-kedveles-like"},"modified":"2021-09-22T19:55:38","modified_gmt":"2021-09-22T17:55:38","slug":"1000-instagram-kep-kedveles-like","status":"publish","type":"product","link":"https:\/\/www.likebolt.com\/?product=1000-instagram-kep-kedveles-like","title":{"rendered":"1000 Instagram k\u00e9p kedvel\u00e9s (like)"},"content":{"rendered":"<h1 style=\"text-align: center;\">1 k\u00e9p kedvel\u00e9s= 7,50 forint<\/h1>\n<p style=\"text-align: center;\">Garant\u00e1lt 1000 k\u00e9p kedvel\u00e9s instagaram k\u00e9pre, csak a linkre van sz\u00fcks\u00e9g\u00fcnk, a t\u00f6bbit pedig mi ny\u00fajtjuk.<\/p>\n<h2 style=\"text-align: center;\">V\u00e1rhat\u00f3 sz\u00e1ll\u00edt\u00e1si id\u0151: 3-8 nap<\/h2>\n","protected":false},"excerpt":{"rendered":"<p>1 k\u00e9p kedvel\u00e9s= 7,50 forint Garant\u00e1lt 1000 k\u00e9p kedvel\u00e9s instagaram k\u00e9pre, csak a linkre van sz\u00fcks\u00e9g\u00fcnk, a t\u00f6bbit pedig mi ny\u00fajtjuk. V\u00e1rhat\u00f3 sz\u00e1ll\u00edt\u00e1si id\u0151: 3-8 nap<\/p>\n","protected":false},"featured_media":20,"comment_status":"open","ping_status":"closed","template":"","meta":[],"product_cat":[19],"product_tag":[],"_links":{"self":[{"href":"https:\/\/www.likebolt.com\/index.php?rest_route=\/wp\/v2\/product\/1098"}],"collection":[{"href":"https:\/\/www.likebolt.com\/index.php?rest_route=\/wp\/v2\/product"}],"about":[{"href":"https:\/\/www.likebolt.com\/index.php?rest_route=\/wp\/v2\/types\/product"}],"replies":[{"embeddable":true,"href":"https:\/\/www.likebolt.com\/index.php?rest_route=%2Fwp%2Fv2%2Fcomments&post=1098"}],"wp:featuredmedia":[{"embeddable":true,"href":"https:\/\/www.likebolt.com\/index.php?rest_route=\/wp\/v2\/media\/20"}],"wp:attachment":[{"href":"https:\/\/www.likebolt.com\/index.php?rest_route=%2Fwp%2Fv2%2Fmedia&parent=1098"}],"wp:term":[{"taxonomy":"product_cat","embeddable":true,"href":"https:\/\/www.likebolt.com\/index.php?rest_route=%2Fwp%2Fv2%2Fproduct_cat&post=1098"},{"taxonomy":"product_tag","embeddable":true,"href":"https:\/\/www.likebolt.com\/index.php?rest_route=%2Fwp%2Fv2%2Fproduct_tag&post=1098"}],"curies":[{"name":"wp","href":"https:\/\/api.w.org\/{rel}","templated":true}]}}