{"id":1251,"date":"2020-03-02T16:43:31","date_gmt":"2020-03-02T14:43:31","guid":{"rendered":"http:\/\/ilike.kizman.eu\/?product=1000-youtube-feiratkozo-koveto"},"modified":"2023-03-06T22:07:16","modified_gmt":"2023-03-06T20:07:16","slug":"1000-youtube-feiratkozo-koveto","status":"publish","type":"product","link":"https:\/\/www.likebolt.com\/?product=1000-youtube-feiratkozo-koveto","title":{"rendered":"1000 Youtube feiratkoz\u00f3 (k\u00f6vet\u0151)"},"content":{"rendered":"<h1 style=\"text-align: center;\">1 feliratkoz\u00f3 = 42 forint<\/h1>\n<p style=\"text-align: center;\">Garant\u00e1lt 1000 youtube vide\u00f3 feliratkoz\u00f3t szolg\u00e1ltatunk b\u00e1rmely kiv\u00e1lasztott youtube vide\u00f3ra,csak a vide\u00f3\u00a0c\u00edm\u00e9re van sz\u00fcks\u00e9g,a t\u00f6bbit pedig mi ny\u00fajtjuk.<\/p>\n<h2 style=\"text-align: center;\">V\u00e1rhat\u00f3 sz\u00e1ll\u00edt\u00e1si id\u0151: 8-15 nap<\/h2>\n","protected":false},"excerpt":{"rendered":"<p>1 feliratkoz\u00f3 = 42 forint Garant\u00e1lt 1000 youtube vide\u00f3 feliratkoz\u00f3t szolg\u00e1ltatunk b\u00e1rmely kiv\u00e1lasztott youtube vide\u00f3ra,csak a vide\u00f3\u00a0c\u00edm\u00e9re van sz\u00fcks\u00e9g,a t\u00f6bbit pedig mi ny\u00fajtjuk. V\u00e1rhat\u00f3 sz\u00e1ll\u00edt\u00e1si id\u0151: 8-15 nap<\/p>\n","protected":false},"featured_media":19,"comment_status":"open","ping_status":"closed","template":"","meta":[],"product_cat":[18],"product_tag":[],"_links":{"self":[{"href":"https:\/\/www.likebolt.com\/index.php?rest_route=\/wp\/v2\/product\/1251"}],"collection":[{"href":"https:\/\/www.likebolt.com\/index.php?rest_route=\/wp\/v2\/product"}],"about":[{"href":"https:\/\/www.likebolt.com\/index.php?rest_route=\/wp\/v2\/types\/product"}],"replies":[{"embeddable":true,"href":"https:\/\/www.likebolt.com\/index.php?rest_route=%2Fwp%2Fv2%2Fcomments&post=1251"}],"wp:featuredmedia":[{"embeddable":true,"href":"https:\/\/www.likebolt.com\/index.php?rest_route=\/wp\/v2\/media\/19"}],"wp:attachment":[{"href":"https:\/\/www.likebolt.com\/index.php?rest_route=%2Fwp%2Fv2%2Fmedia&parent=1251"}],"wp:term":[{"taxonomy":"product_cat","embeddable":true,"href":"https:\/\/www.likebolt.com\/index.php?rest_route=%2Fwp%2Fv2%2Fproduct_cat&post=1251"},{"taxonomy":"product_tag","embeddable":true,"href":"https:\/\/www.likebolt.com\/index.php?rest_route=%2Fwp%2Fv2%2Fproduct_tag&post=1251"}],"curies":[{"name":"wp","href":"https:\/\/api.w.org\/{rel}","templated":true}]}}