{"id":137,"date":"2015-08-04T17:36:01","date_gmt":"2015-08-04T15:36:01","guid":{"rendered":"http:\/\/ilike.kizman.eu\/?post_type=product&#038;p=137"},"modified":"2020-02-04T15:46:35","modified_gmt":"2020-02-04T13:46:35","slug":"10-000-weboldal-latogato","status":"publish","type":"product","link":"https:\/\/www.likebolt.com\/?product=10-000-weboldal-latogato","title":{"rendered":"10 000 Weboldal l\u00e1togat\u00f3"},"content":{"rendered":"<h1 style=\"text-align: center;\"><span style=\"color: #3366ff;\">1<\/span> l\u00e1togat\u00e1s = 2,00 Forint<\/h1>\n<p style=\"text-align: center;\">Garant\u00e1lt\u00a0 10 000 l\u00e1togat\u00f3t\u00a0szolg\u00e1ltatunk b\u00e1rmely kiv\u00e1lasztott weboldalra, csak a weboldal c\u00edm\u00e9re van sz\u00fcks\u00e9g,a t\u00f6bbit pedig mi ny\u00fajtjuk.<\/p>\n<address>\u00a0<\/address>\n<h2 style=\"text-align: center;\">V\u00e1rhat\u00f3 sz\u00e1ll\u00edt\u00e1si id\u0151: 4-6 nap<\/h2>\n<h1 style=\"text-align: center;\"><\/h1>\n<p>&nbsp;<\/p>\n","protected":false},"excerpt":{"rendered":"<p>1 l\u00e1togat\u00e1s = 2,00 Forint Garant\u00e1lt\u00a0 10 000 l\u00e1togat\u00f3t\u00a0szolg\u00e1ltatunk b\u00e1rmely kiv\u00e1lasztott weboldalra, csak a weboldal c\u00edm\u00e9re van sz\u00fcks\u00e9g,a t\u00f6bbit pedig mi ny\u00fajtjuk. \u00a0 V\u00e1rhat\u00f3 sz\u00e1ll\u00edt\u00e1si id\u0151: 4-6 nap &nbsp;<\/p>\n","protected":false},"featured_media":130,"comment_status":"open","ping_status":"closed","template":"","meta":[],"product_cat":[22],"product_tag":[],"_links":{"self":[{"href":"https:\/\/www.likebolt.com\/index.php?rest_route=\/wp\/v2\/product\/137"}],"collection":[{"href":"https:\/\/www.likebolt.com\/index.php?rest_route=\/wp\/v2\/product"}],"about":[{"href":"https:\/\/www.likebolt.com\/index.php?rest_route=\/wp\/v2\/types\/product"}],"replies":[{"embeddable":true,"href":"https:\/\/www.likebolt.com\/index.php?rest_route=%2Fwp%2Fv2%2Fcomments&post=137"}],"wp:featuredmedia":[{"embeddable":true,"href":"https:\/\/www.likebolt.com\/index.php?rest_route=\/wp\/v2\/media\/130"}],"wp:attachment":[{"href":"https:\/\/www.likebolt.com\/index.php?rest_route=%2Fwp%2Fv2%2Fmedia&parent=137"}],"wp:term":[{"taxonomy":"product_cat","embeddable":true,"href":"https:\/\/www.likebolt.com\/index.php?rest_route=%2Fwp%2Fv2%2Fproduct_cat&post=137"},{"taxonomy":"product_tag","embeddable":true,"href":"https:\/\/www.likebolt.com\/index.php?rest_route=%2Fwp%2Fv2%2Fproduct_tag&post=137"}],"curies":[{"name":"wp","href":"https:\/\/api.w.org\/{rel}","templated":true}]}}