{"id":148,"date":"2015-09-05T10:36:07","date_gmt":"2015-09-05T08:36:07","guid":{"rendered":"http:\/\/ilike.kizman.eu\/?product=2000-twitter-koveto"},"modified":"2024-11-06T19:23:03","modified_gmt":"2024-11-06T17:23:03","slug":"2000-twitter-koveto","status":"publish","type":"product","link":"https:\/\/www.likebolt.com\/?product=2000-twitter-koveto","title":{"rendered":"2000 twitter k\u00f6vet\u0151"},"content":{"rendered":"<h1 style=\"text-align: center;\">1 tweet = 34,00 forint<\/h1>\n<p style=\"text-align: center;\">Garant\u00e1lt 2000 twitter k\u00f6vet\u00e9st,retweetet,vagy kedvencek k\u00f6z\u00e9 ad\u00e1st\u00a0szolg\u00e1ltatunk b\u00e1rmely kiv\u00e1lasztott twitter\u00a0oldalra,csak a weboldal c\u00edm\u00e9re van sz\u00fcks\u00e9g,a t\u00f6bbit pedig mi ny\u00fajtjuk.<\/p>\n<h2 style=\"text-align: center;\">V\u00e1rhat\u00f3 sz\u00e1ll\u00edt\u00e1si id\u0151: 2-5 nap<\/h2>\n","protected":false},"excerpt":{"rendered":"<p>1 tweet = 34,00 forint Garant\u00e1lt 2000 twitter k\u00f6vet\u00e9st,retweetet,vagy kedvencek k\u00f6z\u00e9 ad\u00e1st\u00a0szolg\u00e1ltatunk b\u00e1rmely kiv\u00e1lasztott twitter\u00a0oldalra,csak a weboldal c\u00edm\u00e9re van sz\u00fcks\u00e9g,a t\u00f6bbit pedig mi ny\u00fajtjuk. V\u00e1rhat\u00f3 sz\u00e1ll\u00edt\u00e1si id\u0151: 2-5 nap<\/p>\n","protected":false},"featured_media":1846,"comment_status":"open","ping_status":"closed","template":"","meta":[],"product_cat":[16],"product_tag":[],"_links":{"self":[{"href":"https:\/\/www.likebolt.com\/index.php?rest_route=\/wp\/v2\/product\/148"}],"collection":[{"href":"https:\/\/www.likebolt.com\/index.php?rest_route=\/wp\/v2\/product"}],"about":[{"href":"https:\/\/www.likebolt.com\/index.php?rest_route=\/wp\/v2\/types\/product"}],"replies":[{"embeddable":true,"href":"https:\/\/www.likebolt.com\/index.php?rest_route=%2Fwp%2Fv2%2Fcomments&post=148"}],"wp:featuredmedia":[{"embeddable":true,"href":"https:\/\/www.likebolt.com\/index.php?rest_route=\/wp\/v2\/media\/1846"}],"wp:attachment":[{"href":"https:\/\/www.likebolt.com\/index.php?rest_route=%2Fwp%2Fv2%2Fmedia&parent=148"}],"wp:term":[{"taxonomy":"product_cat","embeddable":true,"href":"https:\/\/www.likebolt.com\/index.php?rest_route=%2Fwp%2Fv2%2Fproduct_cat&post=148"},{"taxonomy":"product_tag","embeddable":true,"href":"https:\/\/www.likebolt.com\/index.php?rest_route=%2Fwp%2Fv2%2Fproduct_tag&post=148"}],"curies":[{"name":"wp","href":"https:\/\/api.w.org\/{rel}","templated":true}]}}