{"id":1509,"date":"2021-11-04T21:37:39","date_gmt":"2021-11-04T19:37:39","guid":{"rendered":"https:\/\/www.likebolt.com\/?post_type=product&#038;p=1509"},"modified":"2022-02-01T00:05:26","modified_gmt":"2022-01-31T22:05:26","slug":"400-tiktok-kedveles-masolat","status":"publish","type":"product","link":"https:\/\/www.likebolt.com\/?product=400-tiktok-kedveles-masolat","title":{"rendered":"400 tiktok kedvel\u00e9s"},"content":{"rendered":"<h1 style=\"text-align: center;\">1 Kedvel\u00e9s = 14 Forint<\/h1>\n<p style=\"text-align: center;\">\u00d6sszesen 400 kedvel\u00e9st szolg\u00e1ltatunk b\u00e1rmely kiv\u00e1lasztott tiktok vide\u00f3ra,csak a vide\u00f3 c\u00edm\u00e9re van sz\u00fcks\u00e9g,a t\u00f6bbit pedig mi ny\u00fajtjuk.<\/p>\n<address>\u00a0<\/address>\n<h2 style=\"text-align: center;\">V\u00e1rhat\u00f3 sz\u00e1ll\u00edt\u00e1si id\u0151: 3-5 nap<\/h2>\n","protected":false},"excerpt":{"rendered":"<p>1 Kedvel\u00e9s = 14 Forint \u00d6sszesen 400 kedvel\u00e9st szolg\u00e1ltatunk b\u00e1rmely kiv\u00e1lasztott tiktok vide\u00f3ra,csak a vide\u00f3 c\u00edm\u00e9re van sz\u00fcks\u00e9g,a t\u00f6bbit pedig mi ny\u00fajtjuk. \u00a0 V\u00e1rhat\u00f3 sz\u00e1ll\u00edt\u00e1si id\u0151: 3-5 nap<\/p>\n","protected":false},"featured_media":1504,"comment_status":"closed","ping_status":"closed","template":"","meta":[],"product_cat":[34],"product_tag":[],"_links":{"self":[{"href":"https:\/\/www.likebolt.com\/index.php?rest_route=\/wp\/v2\/product\/1509"}],"collection":[{"href":"https:\/\/www.likebolt.com\/index.php?rest_route=\/wp\/v2\/product"}],"about":[{"href":"https:\/\/www.likebolt.com\/index.php?rest_route=\/wp\/v2\/types\/product"}],"replies":[{"embeddable":true,"href":"https:\/\/www.likebolt.com\/index.php?rest_route=%2Fwp%2Fv2%2Fcomments&post=1509"}],"wp:featuredmedia":[{"embeddable":true,"href":"https:\/\/www.likebolt.com\/index.php?rest_route=\/wp\/v2\/media\/1504"}],"wp:attachment":[{"href":"https:\/\/www.likebolt.com\/index.php?rest_route=%2Fwp%2Fv2%2Fmedia&parent=1509"}],"wp:term":[{"taxonomy":"product_cat","embeddable":true,"href":"https:\/\/www.likebolt.com\/index.php?rest_route=%2Fwp%2Fv2%2Fproduct_cat&post=1509"},{"taxonomy":"product_tag","embeddable":true,"href":"https:\/\/www.likebolt.com\/index.php?rest_route=%2Fwp%2Fv2%2Fproduct_tag&post=1509"}],"curies":[{"name":"wp","href":"https:\/\/api.w.org\/{rel}","templated":true}]}}