{"id":155,"date":"2015-09-05T10:55:23","date_gmt":"2015-09-05T08:55:23","guid":{"rendered":"http:\/\/ilike.kizman.eu\/?product=10000-instagram-kedveles"},"modified":"2019-06-19T13:00:25","modified_gmt":"2019-06-19T11:00:25","slug":"10000-instagram-kedveles","status":"publish","type":"product","link":"https:\/\/www.likebolt.com\/?product=10000-instagram-kedveles","title":{"rendered":"20000 Instagram k\u00f6vet\u00e9s vagy k\u00e9p kedvel\u00e9s"},"content":{"rendered":"<h1 style=\"text-align: center;\">1\u00a0kedvel\u00e9s= 5,00 forint<\/h1>\n<p style=\"text-align: center;\">Garant\u00e1lt 20000 instagaram fot\u00f3 kedvel\u00e9st\u00a0szolg\u00e1ltatunk b\u00e1rmely kiv\u00e1lasztott instagram fot\u00f3ra,csak a k\u00e9p\u00a0c\u00edm\u00e9re van sz\u00fcks\u00e9g,a t\u00f6bbit pedig mi ny\u00fajtjuk.<\/p>\n<h2 style=\"text-align: center;\">V\u00e1rhat\u00f3 sz\u00e1ll\u00edt\u00e1si id\u0151: 11-30 nap<\/h2>\n","protected":false},"excerpt":{"rendered":"<p>1\u00a0kedvel\u00e9s= 5,00 forint Garant\u00e1lt 20000 instagaram fot\u00f3 kedvel\u00e9st\u00a0szolg\u00e1ltatunk b\u00e1rmely kiv\u00e1lasztott instagram fot\u00f3ra,csak a k\u00e9p\u00a0c\u00edm\u00e9re van sz\u00fcks\u00e9g,a t\u00f6bbit pedig mi ny\u00fajtjuk. V\u00e1rhat\u00f3 sz\u00e1ll\u00edt\u00e1si id\u0151: 11-30 nap<\/p>\n","protected":false},"featured_media":20,"comment_status":"open","ping_status":"closed","template":"","meta":[],"product_cat":[19],"product_tag":[],"_links":{"self":[{"href":"https:\/\/www.likebolt.com\/index.php?rest_route=\/wp\/v2\/product\/155"}],"collection":[{"href":"https:\/\/www.likebolt.com\/index.php?rest_route=\/wp\/v2\/product"}],"about":[{"href":"https:\/\/www.likebolt.com\/index.php?rest_route=\/wp\/v2\/types\/product"}],"replies":[{"embeddable":true,"href":"https:\/\/www.likebolt.com\/index.php?rest_route=%2Fwp%2Fv2%2Fcomments&post=155"}],"wp:featuredmedia":[{"embeddable":true,"href":"https:\/\/www.likebolt.com\/index.php?rest_route=\/wp\/v2\/media\/20"}],"wp:attachment":[{"href":"https:\/\/www.likebolt.com\/index.php?rest_route=%2Fwp%2Fv2%2Fmedia&parent=155"}],"wp:term":[{"taxonomy":"product_cat","embeddable":true,"href":"https:\/\/www.likebolt.com\/index.php?rest_route=%2Fwp%2Fv2%2Fproduct_cat&post=155"},{"taxonomy":"product_tag","embeddable":true,"href":"https:\/\/www.likebolt.com\/index.php?rest_route=%2Fwp%2Fv2%2Fproduct_tag&post=155"}],"curies":[{"name":"wp","href":"https:\/\/api.w.org\/{rel}","templated":true}]}}