{"id":158,"date":"2015-09-05T10:58:53","date_gmt":"2015-09-05T08:58:53","guid":{"rendered":"http:\/\/ilike.kizman.eu\/?product=400-youtube-kedveles"},"modified":"2019-03-21T08:35:37","modified_gmt":"2019-03-21T06:35:37","slug":"400-youtube-kedveles","status":"publish","type":"product","link":"https:\/\/www.likebolt.com\/?product=400-youtube-kedveles","title":{"rendered":"400 Youtube kedvel\u00e9s"},"content":{"rendered":"<h1 style=\"text-align: center;\">1 kedvel\u00e9s\u00a0= 60 forint<\/h1>\n<p style=\"text-align: center;\">Garant\u00e1lt 400\u00a0youtube vide\u00f3 kedvel\u00e9st szolg\u00e1ltatunk b\u00e1rmely kiv\u00e1lasztott youtube vide\u00f3ra,csak a vide\u00f3\u00a0c\u00edm\u00e9re van sz\u00fcks\u00e9g,a t\u00f6bbit pedig mi ny\u00fajtjuk.<\/p>\n<h2 style=\"text-align: center;\">V\u00e1rhat\u00f3 sz\u00e1ll\u00edt\u00e1si id\u0151: 2-5 nap<\/h2>\n","protected":false},"excerpt":{"rendered":"<p>1 kedvel\u00e9s\u00a0= 60 forint Garant\u00e1lt 400\u00a0youtube vide\u00f3 kedvel\u00e9st szolg\u00e1ltatunk b\u00e1rmely kiv\u00e1lasztott youtube vide\u00f3ra,csak a vide\u00f3\u00a0c\u00edm\u00e9re van sz\u00fcks\u00e9g,a t\u00f6bbit pedig mi ny\u00fajtjuk. V\u00e1rhat\u00f3 sz\u00e1ll\u00edt\u00e1si id\u0151: 2-5 nap<\/p>\n","protected":false},"featured_media":19,"comment_status":"open","ping_status":"closed","template":"","meta":[],"product_cat":[18],"product_tag":[],"_links":{"self":[{"href":"https:\/\/www.likebolt.com\/index.php?rest_route=\/wp\/v2\/product\/158"}],"collection":[{"href":"https:\/\/www.likebolt.com\/index.php?rest_route=\/wp\/v2\/product"}],"about":[{"href":"https:\/\/www.likebolt.com\/index.php?rest_route=\/wp\/v2\/types\/product"}],"replies":[{"embeddable":true,"href":"https:\/\/www.likebolt.com\/index.php?rest_route=%2Fwp%2Fv2%2Fcomments&post=158"}],"wp:featuredmedia":[{"embeddable":true,"href":"https:\/\/www.likebolt.com\/index.php?rest_route=\/wp\/v2\/media\/19"}],"wp:attachment":[{"href":"https:\/\/www.likebolt.com\/index.php?rest_route=%2Fwp%2Fv2%2Fmedia&parent=158"}],"wp:term":[{"taxonomy":"product_cat","embeddable":true,"href":"https:\/\/www.likebolt.com\/index.php?rest_route=%2Fwp%2Fv2%2Fproduct_cat&post=158"},{"taxonomy":"product_tag","embeddable":true,"href":"https:\/\/www.likebolt.com\/index.php?rest_route=%2Fwp%2Fv2%2Fproduct_tag&post=158"}],"curies":[{"name":"wp","href":"https:\/\/api.w.org\/{rel}","templated":true}]}}