{"id":161,"date":"2015-09-05T13:53:51","date_gmt":"2015-09-05T11:53:51","guid":{"rendered":"http:\/\/ilike.kizman.eu\/?post_type=product&#038;p=161"},"modified":"2015-09-05T13:56:35","modified_gmt":"2015-09-05T11:56:35","slug":"akcios-like-vasar","status":"publish","type":"product","link":"https:\/\/www.likebolt.com\/?product=akcios-like-vasar","title":{"rendered":"AKCI\u00d3S LIKE V\u00c1S\u00c1R"},"content":{"rendered":"<p>K\u00e9rem v\u00e1lassza ki a megrendelni k\u00edv\u00e1nt term\u00e9ket, ha nem tal\u00e1l olyan term\u00e9ket amit szeretne megrendelni, k\u00e9rem jelezze az info@likebolt.com c\u00edmen.<\/p>\n","protected":false},"excerpt":{"rendered":"<p>K\u00e9rem v\u00e1lassza ki a megrendelni k\u00edv\u00e1nt term\u00e9ket, ha nem tal\u00e1l olyan term\u00e9ket amit szeretne megrendelni, k\u00e9rem jelezze az info@likebolt.com c\u00edmen.<\/p>\n","protected":false},"featured_media":160,"comment_status":"open","ping_status":"closed","template":"","meta":[],"product_cat":[33],"product_tag":[21],"_links":{"self":[{"href":"https:\/\/www.likebolt.com\/index.php?rest_route=\/wp\/v2\/product\/161"}],"collection":[{"href":"https:\/\/www.likebolt.com\/index.php?rest_route=\/wp\/v2\/product"}],"about":[{"href":"https:\/\/www.likebolt.com\/index.php?rest_route=\/wp\/v2\/types\/product"}],"replies":[{"embeddable":true,"href":"https:\/\/www.likebolt.com\/index.php?rest_route=%2Fwp%2Fv2%2Fcomments&post=161"}],"wp:featuredmedia":[{"embeddable":true,"href":"https:\/\/www.likebolt.com\/index.php?rest_route=\/wp\/v2\/media\/160"}],"wp:attachment":[{"href":"https:\/\/www.likebolt.com\/index.php?rest_route=%2Fwp%2Fv2%2Fmedia&parent=161"}],"wp:term":[{"taxonomy":"product_cat","embeddable":true,"href":"https:\/\/www.likebolt.com\/index.php?rest_route=%2Fwp%2Fv2%2Fproduct_cat&post=161"},{"taxonomy":"product_tag","embeddable":true,"href":"https:\/\/www.likebolt.com\/index.php?rest_route=%2Fwp%2Fv2%2Fproduct_tag&post=161"}],"curies":[{"name":"wp","href":"https:\/\/api.w.org\/{rel}","templated":true}]}}