{"id":1637,"date":"2022-03-14T23:44:37","date_gmt":"2022-03-14T21:44:37","guid":{"rendered":"https:\/\/www.likebolt.com\/?post_type=product&#038;p=1637"},"modified":"2024-11-06T19:21:21","modified_gmt":"2024-11-06T17:21:21","slug":"100-twitter-koveto","status":"publish","type":"product","link":"https:\/\/www.likebolt.com\/?product=100-twitter-koveto","title":{"rendered":"100 twitter k\u00f6vet\u0151"},"content":{"rendered":"<h1 style=\"text-align: center;\">1 tweet. = 40 forint<\/h1>\n<p style=\"text-align: center;\">Garant\u00e1lt 100 twitter k\u00f6vet\u00e9st,retweetet,vagy kedvencek k\u00f6z\u00e9 ad\u00e1st szolg\u00e1ltatunk b\u00e1rmely kiv\u00e1lasztott twitter oldalra,csak a weboldal c\u00edm\u00e9re van sz\u00fcks\u00e9g,a t\u00f6bbit pedig mi ny\u00fajtjuk.<\/p>\n<h2 style=\"text-align: center;\">V\u00e1rhat\u00f3 sz\u00e1ll\u00edt\u00e1si id\u0151: 5-8 nap<\/h2>\n","protected":false},"excerpt":{"rendered":"<p>1 tweet. = 40 forint Garant\u00e1lt 100 twitter k\u00f6vet\u00e9st,retweetet,vagy kedvencek k\u00f6z\u00e9 ad\u00e1st szolg\u00e1ltatunk b\u00e1rmely kiv\u00e1lasztott twitter oldalra,csak a weboldal c\u00edm\u00e9re van sz\u00fcks\u00e9g,a t\u00f6bbit pedig mi ny\u00fajtjuk. V\u00e1rhat\u00f3 sz\u00e1ll\u00edt\u00e1si id\u0151: 5-8 nap<\/p>\n","protected":false},"featured_media":1846,"comment_status":"open","ping_status":"closed","template":"","meta":[],"product_cat":[16],"product_tag":[],"_links":{"self":[{"href":"https:\/\/www.likebolt.com\/index.php?rest_route=\/wp\/v2\/product\/1637"}],"collection":[{"href":"https:\/\/www.likebolt.com\/index.php?rest_route=\/wp\/v2\/product"}],"about":[{"href":"https:\/\/www.likebolt.com\/index.php?rest_route=\/wp\/v2\/types\/product"}],"replies":[{"embeddable":true,"href":"https:\/\/www.likebolt.com\/index.php?rest_route=%2Fwp%2Fv2%2Fcomments&post=1637"}],"wp:featuredmedia":[{"embeddable":true,"href":"https:\/\/www.likebolt.com\/index.php?rest_route=\/wp\/v2\/media\/1846"}],"wp:attachment":[{"href":"https:\/\/www.likebolt.com\/index.php?rest_route=%2Fwp%2Fv2%2Fmedia&parent=1637"}],"wp:term":[{"taxonomy":"product_cat","embeddable":true,"href":"https:\/\/www.likebolt.com\/index.php?rest_route=%2Fwp%2Fv2%2Fproduct_cat&post=1637"},{"taxonomy":"product_tag","embeddable":true,"href":"https:\/\/www.likebolt.com\/index.php?rest_route=%2Fwp%2Fv2%2Fproduct_tag&post=1637"}],"curies":[{"name":"wp","href":"https:\/\/api.w.org\/{rel}","templated":true}]}}