{"id":1646,"date":"2022-03-15T13:23:16","date_gmt":"2022-03-15T11:23:16","guid":{"rendered":"https:\/\/www.likebolt.com\/?post_type=product&#038;p=1646"},"modified":"2022-03-15T13:24:08","modified_gmt":"2022-03-15T11:24:08","slug":"50-000-magyar-weboldal-latogato","status":"publish","type":"product","link":"https:\/\/www.likebolt.com\/?product=50-000-magyar-weboldal-latogato","title":{"rendered":"50 000 Magyar Weboldal l\u00e1togat\u00f3"},"content":{"rendered":"<h1 style=\"text-align: center;\"><span style=\"color: #3366ff;\">1<\/span> l\u00e1togat\u00e1s = 1,40 Forint<\/h1>\n<p style=\"text-align: center;\">Garant\u00e1lt\u00a0 50 000 Magyar l\u00e1togat\u00f3t szolg\u00e1ltatunk b\u00e1rmely kiv\u00e1lasztott weboldalra, csak a weboldal c\u00edm\u00e9re van sz\u00fcks\u00e9g,a t\u00f6bbit pedig mi ny\u00fajtjuk.<\/p>\n<address>\u00a0<\/address>\n<h2 style=\"text-align: center;\">V\u00e1rhat\u00f3 sz\u00e1ll\u00edt\u00e1si id\u0151: 20-30 nap<\/h2>\n","protected":false},"excerpt":{"rendered":"<p>1 l\u00e1togat\u00e1s = 1,40 Forint Garant\u00e1lt\u00a0 50 000 Magyar l\u00e1togat\u00f3t szolg\u00e1ltatunk b\u00e1rmely kiv\u00e1lasztott weboldalra, csak a weboldal c\u00edm\u00e9re van sz\u00fcks\u00e9g,a t\u00f6bbit pedig mi ny\u00fajtjuk. \u00a0 V\u00e1rhat\u00f3 sz\u00e1ll\u00edt\u00e1si id\u0151: 20-30 nap<\/p>\n","protected":false},"featured_media":130,"comment_status":"open","ping_status":"closed","template":"","meta":[],"product_cat":[22],"product_tag":[],"_links":{"self":[{"href":"https:\/\/www.likebolt.com\/index.php?rest_route=\/wp\/v2\/product\/1646"}],"collection":[{"href":"https:\/\/www.likebolt.com\/index.php?rest_route=\/wp\/v2\/product"}],"about":[{"href":"https:\/\/www.likebolt.com\/index.php?rest_route=\/wp\/v2\/types\/product"}],"replies":[{"embeddable":true,"href":"https:\/\/www.likebolt.com\/index.php?rest_route=%2Fwp%2Fv2%2Fcomments&post=1646"}],"wp:featuredmedia":[{"embeddable":true,"href":"https:\/\/www.likebolt.com\/index.php?rest_route=\/wp\/v2\/media\/130"}],"wp:attachment":[{"href":"https:\/\/www.likebolt.com\/index.php?rest_route=%2Fwp%2Fv2%2Fmedia&parent=1646"}],"wp:term":[{"taxonomy":"product_cat","embeddable":true,"href":"https:\/\/www.likebolt.com\/index.php?rest_route=%2Fwp%2Fv2%2Fproduct_cat&post=1646"},{"taxonomy":"product_tag","embeddable":true,"href":"https:\/\/www.likebolt.com\/index.php?rest_route=%2Fwp%2Fv2%2Fproduct_tag&post=1646"}],"curies":[{"name":"wp","href":"https:\/\/api.w.org\/{rel}","templated":true}]}}