{"id":1657,"date":"2022-03-16T11:45:54","date_gmt":"2022-03-16T09:45:54","guid":{"rendered":"https:\/\/www.likebolt.com\/?post_type=product&#038;p=1657"},"modified":"2024-12-01T00:07:23","modified_gmt":"2024-11-30T22:07:23","slug":"2000-linkedin-profilra-vagy-cegre-vagy-oldalra-kovetok-kuldese","status":"publish","type":"product","link":"https:\/\/www.likebolt.com\/?product=2000-linkedin-profilra-vagy-cegre-vagy-oldalra-kovetok-kuldese","title":{"rendered":"2000 LinkedIn profilra vagy c\u00e9gre vagy oldalra k\u00f6vet\u0151k k\u00fcld\u00e9se"},"content":{"rendered":"<h1 style=\"text-align: center;\"><span style=\"color: #3366ff;\">1<\/span> K\u00f6vet\u0151 k\u00fcld\u00e9se = <span style=\"color: #3366ff;\">50<\/span> Forint<\/h1>\n<p style=\"text-align: center;\">\u00d6sszesen 2000 k\u00f6vet\u00e9st szolg\u00e1ltatunk b\u00e1rmely kiv\u00e1lasztott LinkedIn oldalra, csak a weboldal c\u00edm\u00e9re van sz\u00fcks\u00e9g,a t\u00f6bbit pedig mi ny\u00fajtjuk.<\/p>\n<address>\u00a0<\/address>\n<h2 style=\"text-align: center;\">V\u00e1rhat\u00f3 sz\u00e1ll\u00edt\u00e1si id\u0151: 6-12 nap<\/h2>\n","protected":false},"excerpt":{"rendered":"<p>1 K\u00f6vet\u0151 k\u00fcld\u00e9se = 50 Forint \u00d6sszesen 2000 k\u00f6vet\u00e9st szolg\u00e1ltatunk b\u00e1rmely kiv\u00e1lasztott LinkedIn oldalra, csak a weboldal c\u00edm\u00e9re van sz\u00fcks\u00e9g,a t\u00f6bbit pedig mi ny\u00fajtjuk. \u00a0 V\u00e1rhat\u00f3 sz\u00e1ll\u00edt\u00e1si id\u0151: 6-12 nap<\/p>\n","protected":false},"featured_media":1649,"comment_status":"open","ping_status":"closed","template":"","meta":[],"product_cat":[38],"product_tag":[],"_links":{"self":[{"href":"https:\/\/www.likebolt.com\/index.php?rest_route=\/wp\/v2\/product\/1657"}],"collection":[{"href":"https:\/\/www.likebolt.com\/index.php?rest_route=\/wp\/v2\/product"}],"about":[{"href":"https:\/\/www.likebolt.com\/index.php?rest_route=\/wp\/v2\/types\/product"}],"replies":[{"embeddable":true,"href":"https:\/\/www.likebolt.com\/index.php?rest_route=%2Fwp%2Fv2%2Fcomments&post=1657"}],"wp:featuredmedia":[{"embeddable":true,"href":"https:\/\/www.likebolt.com\/index.php?rest_route=\/wp\/v2\/media\/1649"}],"wp:attachment":[{"href":"https:\/\/www.likebolt.com\/index.php?rest_route=%2Fwp%2Fv2%2Fmedia&parent=1657"}],"wp:term":[{"taxonomy":"product_cat","embeddable":true,"href":"https:\/\/www.likebolt.com\/index.php?rest_route=%2Fwp%2Fv2%2Fproduct_cat&post=1657"},{"taxonomy":"product_tag","embeddable":true,"href":"https:\/\/www.likebolt.com\/index.php?rest_route=%2Fwp%2Fv2%2Fproduct_tag&post=1657"}],"curies":[{"name":"wp","href":"https:\/\/api.w.org\/{rel}","templated":true}]}}