{"id":1725,"date":"2023-01-22T10:45:19","date_gmt":"2023-01-22T08:45:19","guid":{"rendered":"https:\/\/www.likebolt.com\/?post_type=product&#038;p=1725"},"modified":"2023-01-22T10:46:21","modified_gmt":"2023-01-22T08:46:21","slug":"1000-tiktok-kovetes","status":"publish","type":"product","link":"https:\/\/www.likebolt.com\/?product=1000-tiktok-kovetes","title":{"rendered":"1000 tiktok k\u00f6vet\u00e9s"},"content":{"rendered":"<h1 style=\"text-align: center;\">1 K\u00f6vet\u00e9s = 22 Forint<\/h1>\n<p style=\"text-align: center;\">\u00d6sszesen 1000 k\u00f6vet\u00e9s szolg\u00e1ltatunk b\u00e1rmely kiv\u00e1lasztott tiktok c\u00edm\u00e9re van sz\u00fcks\u00e9g,a t\u00f6bbit pedig mi ny\u00fajtjuk.<\/p>\n<address>\u00a0<\/address>\n<h2 style=\"text-align: center;\">V\u00e1rhat\u00f3 sz\u00e1ll\u00edt\u00e1si id\u0151: 3-5 nap<\/h2>\n","protected":false},"excerpt":{"rendered":"<p>1 K\u00f6vet\u00e9s = 22 Forint \u00d6sszesen 1000 k\u00f6vet\u00e9s szolg\u00e1ltatunk b\u00e1rmely kiv\u00e1lasztott tiktok c\u00edm\u00e9re van sz\u00fcks\u00e9g,a t\u00f6bbit pedig mi ny\u00fajtjuk. \u00a0 V\u00e1rhat\u00f3 sz\u00e1ll\u00edt\u00e1si id\u0151: 3-5 nap<\/p>\n","protected":false},"featured_media":1504,"comment_status":"closed","ping_status":"closed","template":"","meta":[],"product_cat":[34],"product_tag":[],"_links":{"self":[{"href":"https:\/\/www.likebolt.com\/index.php?rest_route=\/wp\/v2\/product\/1725"}],"collection":[{"href":"https:\/\/www.likebolt.com\/index.php?rest_route=\/wp\/v2\/product"}],"about":[{"href":"https:\/\/www.likebolt.com\/index.php?rest_route=\/wp\/v2\/types\/product"}],"replies":[{"embeddable":true,"href":"https:\/\/www.likebolt.com\/index.php?rest_route=%2Fwp%2Fv2%2Fcomments&post=1725"}],"wp:featuredmedia":[{"embeddable":true,"href":"https:\/\/www.likebolt.com\/index.php?rest_route=\/wp\/v2\/media\/1504"}],"wp:attachment":[{"href":"https:\/\/www.likebolt.com\/index.php?rest_route=%2Fwp%2Fv2%2Fmedia&parent=1725"}],"wp:term":[{"taxonomy":"product_cat","embeddable":true,"href":"https:\/\/www.likebolt.com\/index.php?rest_route=%2Fwp%2Fv2%2Fproduct_cat&post=1725"},{"taxonomy":"product_tag","embeddable":true,"href":"https:\/\/www.likebolt.com\/index.php?rest_route=%2Fwp%2Fv2%2Fproduct_tag&post=1725"}],"curies":[{"name":"wp","href":"https:\/\/api.w.org\/{rel}","templated":true}]}}