{"id":197,"date":"2015-12-14T13:40:20","date_gmt":"2015-12-14T11:40:20","guid":{"rendered":"http:\/\/ilike.kizman.eu\/?product=15000-europai-weboldal-latogato"},"modified":"2017-05-02T15:00:22","modified_gmt":"2017-05-02T13:00:22","slug":"15000-europai-weboldal-latogato","status":"publish","type":"product","link":"https:\/\/www.likebolt.com\/?product=15000-europai-weboldal-latogato","title":{"rendered":"15000 Europai Weboldal l\u00e1togat\u00f3"},"content":{"rendered":"<h1 style=\"text-align: center;\"><span style=\"color: #3366ff;\">1<\/span> l\u00e1togat\u00e1s = 2,00 Forint<\/h1>\n<p style=\"text-align: center;\">Garant\u00e1lt\u00a0 15 000 EU l\u00e1togat\u00f3t\u00a0szolg\u00e1ltatunk b\u00e1rmely kiv\u00e1lasztott weboldalra, csak a weboldal c\u00edm\u00e9re van sz\u00fcks\u00e9g,a t\u00f6bbit pedig mi ny\u00fajtjuk.<\/p>\n<address>\u00a0<\/address>\n<h2 style=\"text-align: center;\">V\u00e1rhat\u00f3 sz\u00e1ll\u00edt\u00e1si id\u0151: 12-14 nap<\/h2>\n","protected":false},"excerpt":{"rendered":"<p>1 l\u00e1togat\u00e1s = 2,00 Forint Garant\u00e1lt\u00a0 15 000 EU l\u00e1togat\u00f3t\u00a0szolg\u00e1ltatunk b\u00e1rmely kiv\u00e1lasztott weboldalra, csak a weboldal c\u00edm\u00e9re van sz\u00fcks\u00e9g,a t\u00f6bbit pedig mi ny\u00fajtjuk. \u00a0 V\u00e1rhat\u00f3 sz\u00e1ll\u00edt\u00e1si id\u0151: 12-14 nap<\/p>\n","protected":false},"featured_media":130,"comment_status":"open","ping_status":"closed","template":"","meta":[],"product_cat":[22],"product_tag":[],"_links":{"self":[{"href":"https:\/\/www.likebolt.com\/index.php?rest_route=\/wp\/v2\/product\/197"}],"collection":[{"href":"https:\/\/www.likebolt.com\/index.php?rest_route=\/wp\/v2\/product"}],"about":[{"href":"https:\/\/www.likebolt.com\/index.php?rest_route=\/wp\/v2\/types\/product"}],"replies":[{"embeddable":true,"href":"https:\/\/www.likebolt.com\/index.php?rest_route=%2Fwp%2Fv2%2Fcomments&post=197"}],"wp:featuredmedia":[{"embeddable":true,"href":"https:\/\/www.likebolt.com\/index.php?rest_route=\/wp\/v2\/media\/130"}],"wp:attachment":[{"href":"https:\/\/www.likebolt.com\/index.php?rest_route=%2Fwp%2Fv2%2Fmedia&parent=197"}],"wp:term":[{"taxonomy":"product_cat","embeddable":true,"href":"https:\/\/www.likebolt.com\/index.php?rest_route=%2Fwp%2Fv2%2Fproduct_cat&post=197"},{"taxonomy":"product_tag","embeddable":true,"href":"https:\/\/www.likebolt.com\/index.php?rest_route=%2Fwp%2Fv2%2Fproduct_tag&post=197"}],"curies":[{"name":"wp","href":"https:\/\/api.w.org\/{rel}","templated":true}]}}