{"id":24,"date":"2014-08-27T16:20:54","date_gmt":"2014-08-27T14:20:54","guid":{"rendered":"http:\/\/ilike.kizman.eu\/?post_type=product&#038;p=24"},"modified":"2016-02-04T11:22:13","modified_gmt":"2016-02-04T09:22:13","slug":"500-soundcloud-koveto","status":"publish","type":"product","link":"https:\/\/www.likebolt.com\/?product=500-soundcloud-koveto","title":{"rendered":"500 Soundcloud k\u00f6vet\u0151"},"content":{"rendered":"<h1 style=\"text-align: center;\"><span style=\"color: #3366ff;\">1<\/span>\u00a0k\u00f6vet\u0151\u00a0= <span style=\"color: #3366ff;\">20<\/span>\u00a0Forint<\/h1>\n<p style=\"text-align: center;\">Garant\u00e1lt\u00a0500\u00a0k\u00f6vet\u00e9st szolg\u00e1ltatunk b\u00e1rmely kiv\u00e1lasztott soundcloud\u00a0oldalra,csak a weboldal c\u00edm\u00e9re van sz\u00fcks\u00e9g,a t\u00f6bbit pedig mi ny\u00fajtjuk.<\/p>\n<address>\u00a0<\/address>\n<h2 style=\"text-align: center;\">V\u00e1rhat\u00f3 sz\u00e1ll\u00edt\u00e1si id\u0151:\u00a08-15 nap<\/h2>\n","protected":false},"excerpt":{"rendered":"<p>1\u00a0k\u00f6vet\u0151\u00a0= 20\u00a0Forint Garant\u00e1lt\u00a0500\u00a0k\u00f6vet\u00e9st szolg\u00e1ltatunk b\u00e1rmely kiv\u00e1lasztott soundcloud\u00a0oldalra,csak a weboldal c\u00edm\u00e9re van sz\u00fcks\u00e9g,a t\u00f6bbit pedig mi ny\u00fajtjuk. \u00a0 V\u00e1rhat\u00f3 sz\u00e1ll\u00edt\u00e1si id\u0151:\u00a08-15 nap<\/p>\n","protected":false},"featured_media":18,"comment_status":"open","ping_status":"closed","template":"","meta":[],"product_cat":[17],"product_tag":[],"_links":{"self":[{"href":"https:\/\/www.likebolt.com\/index.php?rest_route=\/wp\/v2\/product\/24"}],"collection":[{"href":"https:\/\/www.likebolt.com\/index.php?rest_route=\/wp\/v2\/product"}],"about":[{"href":"https:\/\/www.likebolt.com\/index.php?rest_route=\/wp\/v2\/types\/product"}],"replies":[{"embeddable":true,"href":"https:\/\/www.likebolt.com\/index.php?rest_route=%2Fwp%2Fv2%2Fcomments&post=24"}],"wp:featuredmedia":[{"embeddable":true,"href":"https:\/\/www.likebolt.com\/index.php?rest_route=\/wp\/v2\/media\/18"}],"wp:attachment":[{"href":"https:\/\/www.likebolt.com\/index.php?rest_route=%2Fwp%2Fv2%2Fmedia&parent=24"}],"wp:term":[{"taxonomy":"product_cat","embeddable":true,"href":"https:\/\/www.likebolt.com\/index.php?rest_route=%2Fwp%2Fv2%2Fproduct_cat&post=24"},{"taxonomy":"product_tag","embeddable":true,"href":"https:\/\/www.likebolt.com\/index.php?rest_route=%2Fwp%2Fv2%2Fproduct_tag&post=24"}],"curies":[{"name":"wp","href":"https:\/\/api.w.org\/{rel}","templated":true}]}}