{"id":318,"date":"2016-04-08T09:41:31","date_gmt":"2016-04-08T07:41:31","guid":{"rendered":"http:\/\/ilike.kizman.eu\/?product=100-000-youtube-video-megtekintes"},"modified":"2020-04-01T10:01:10","modified_gmt":"2020-04-01T08:01:10","slug":"100-000-youtube-video-megtekintes","status":"publish","type":"product","link":"https:\/\/www.likebolt.com\/?product=100-000-youtube-video-megtekintes","title":{"rendered":"100 000 youtube vide\u00f3 megtekint\u00e9s"},"content":{"rendered":"<h1 style=\"text-align: center;\"><span style=\"color: #3366ff;\">1<\/span> megtekint\u00e9s = 1,80 Forint<\/h1>\n<p style=\"text-align: center;\">Garant\u00e1lt 100 000 megtekint\u00e9st\u00a0szolg\u00e1ltatunk b\u00e1rmely kiv\u00e1lasztott youtube vide\u00f3ra,csak a vide\u00f3\u00a0c\u00edm\u00e9re van sz\u00fcks\u00e9g,a t\u00f6bbit pedig mi ny\u00fajtjuk.<\/p>\n<address>\u00a0<\/address>\n<h2 style=\"text-align: center;\">V\u00e1rhat\u00f3 sz\u00e1ll\u00edt\u00e1si id\u0151:\u00a010-18 nap<\/h2>\n","protected":false},"excerpt":{"rendered":"<p>1 megtekint\u00e9s = 1,80 Forint Garant\u00e1lt 100 000 megtekint\u00e9st\u00a0szolg\u00e1ltatunk b\u00e1rmely kiv\u00e1lasztott youtube vide\u00f3ra,csak a vide\u00f3\u00a0c\u00edm\u00e9re van sz\u00fcks\u00e9g,a t\u00f6bbit pedig mi ny\u00fajtjuk. \u00a0 V\u00e1rhat\u00f3 sz\u00e1ll\u00edt\u00e1si id\u0151:\u00a010-18 nap<\/p>\n","protected":false},"featured_media":19,"comment_status":"open","ping_status":"closed","template":"","meta":[],"product_cat":[18],"product_tag":[],"_links":{"self":[{"href":"https:\/\/www.likebolt.com\/index.php?rest_route=\/wp\/v2\/product\/318"}],"collection":[{"href":"https:\/\/www.likebolt.com\/index.php?rest_route=\/wp\/v2\/product"}],"about":[{"href":"https:\/\/www.likebolt.com\/index.php?rest_route=\/wp\/v2\/types\/product"}],"replies":[{"embeddable":true,"href":"https:\/\/www.likebolt.com\/index.php?rest_route=%2Fwp%2Fv2%2Fcomments&post=318"}],"wp:featuredmedia":[{"embeddable":true,"href":"https:\/\/www.likebolt.com\/index.php?rest_route=\/wp\/v2\/media\/19"}],"wp:attachment":[{"href":"https:\/\/www.likebolt.com\/index.php?rest_route=%2Fwp%2Fv2%2Fmedia&parent=318"}],"wp:term":[{"taxonomy":"product_cat","embeddable":true,"href":"https:\/\/www.likebolt.com\/index.php?rest_route=%2Fwp%2Fv2%2Fproduct_cat&post=318"},{"taxonomy":"product_tag","embeddable":true,"href":"https:\/\/www.likebolt.com\/index.php?rest_route=%2Fwp%2Fv2%2Fproduct_tag&post=318"}],"curies":[{"name":"wp","href":"https:\/\/api.w.org\/{rel}","templated":true}]}}