{"id":805,"date":"2017-11-16T21:16:10","date_gmt":"2017-11-16T19:16:10","guid":{"rendered":"http:\/\/ilike.kizman.eu\/?product=800-facebook-oldalkedveles"},"modified":"2019-07-16T15:49:52","modified_gmt":"2019-07-16T13:49:52","slug":"800-facebook-oldalkedveles","status":"publish","type":"product","link":"https:\/\/www.likebolt.com\/?product=800-facebook-oldalkedveles","title":{"rendered":"800 Facebook oldal vagy k\u00e9p kedvel\u00e9s"},"content":{"rendered":"<h1 style=\"text-align: center;\"><span style=\"color: #3366ff;\">1<\/span>\u00a0Kedvel\u00e9s = <span style=\"color: #3366ff;\">22,50<\/span> Forint<\/h1>\n<p style=\"text-align: center;\">\u00d6sszesen 800 kedvel\u00e9st szolg\u00e1ltatunk b\u00e1rmely kiv\u00e1lasztott facebook rajong\u00f3i oldalra, vagy k\u00e9pre csak a weboldal c\u00edm\u00e9re van sz\u00fcks\u00e9g,a t\u00f6bbit pedig mi ny\u00fajtjuk.<\/p>\n<address>\u00a0<\/address>\n<h2 style=\"text-align: center;\">V\u00e1rhat\u00f3 sz\u00e1ll\u00edt\u00e1si id\u0151: 2-4 nap<\/h2>\n","protected":false},"excerpt":{"rendered":"<p>1\u00a0Kedvel\u00e9s = 22,50 Forint \u00d6sszesen 800 kedvel\u00e9st szolg\u00e1ltatunk b\u00e1rmely kiv\u00e1lasztott facebook rajong\u00f3i oldalra, vagy k\u00e9pre csak a weboldal c\u00edm\u00e9re van sz\u00fcks\u00e9g,a t\u00f6bbit pedig mi ny\u00fajtjuk. \u00a0 V\u00e1rhat\u00f3 sz\u00e1ll\u00edt\u00e1si id\u0151: 2-4 nap<\/p>\n","protected":false},"featured_media":15,"comment_status":"open","ping_status":"closed","template":"","meta":[],"product_cat":[14],"product_tag":[],"_links":{"self":[{"href":"https:\/\/www.likebolt.com\/index.php?rest_route=\/wp\/v2\/product\/805"}],"collection":[{"href":"https:\/\/www.likebolt.com\/index.php?rest_route=\/wp\/v2\/product"}],"about":[{"href":"https:\/\/www.likebolt.com\/index.php?rest_route=\/wp\/v2\/types\/product"}],"replies":[{"embeddable":true,"href":"https:\/\/www.likebolt.com\/index.php?rest_route=%2Fwp%2Fv2%2Fcomments&post=805"}],"wp:featuredmedia":[{"embeddable":true,"href":"https:\/\/www.likebolt.com\/index.php?rest_route=\/wp\/v2\/media\/15"}],"wp:attachment":[{"href":"https:\/\/www.likebolt.com\/index.php?rest_route=%2Fwp%2Fv2%2Fmedia&parent=805"}],"wp:term":[{"taxonomy":"product_cat","embeddable":true,"href":"https:\/\/www.likebolt.com\/index.php?rest_route=%2Fwp%2Fv2%2Fproduct_cat&post=805"},{"taxonomy":"product_tag","embeddable":true,"href":"https:\/\/www.likebolt.com\/index.php?rest_route=%2Fwp%2Fv2%2Fproduct_tag&post=805"}],"curies":[{"name":"wp","href":"https:\/\/api.w.org\/{rel}","templated":true}]}}