{"id":951,"date":"2018-05-23T09:36:46","date_gmt":"2018-05-23T07:36:46","guid":{"rendered":"http:\/\/ilike.kizman.eu\/?product=400-instagram-kovetes"},"modified":"2025-08-28T14:47:31","modified_gmt":"2025-08-28T12:47:31","slug":"400-instagram-kovetes","status":"publish","type":"product","link":"https:\/\/www.likebolt.com\/?product=400-instagram-kovetes","title":{"rendered":"400 Instagram k\u00f6vet\u00e9s"},"content":{"rendered":"<h1 style=\"text-align: center;\">1 k\u00f6vet\u00e9s= 16,00 forint<\/h1>\n<p style=\"text-align: center;\">Garant\u00e1lt 400 k\u00f6vet\u00e9s instagaram oldalra, csak a linkre van sz\u00fcks\u00e9g\u00fcnk, a t\u00f6bbit pedig mi ny\u00fajtjuk.<\/p>\n<h2 style=\"text-align: center;\">V\u00e1rhat\u00f3 sz\u00e1ll\u00edt\u00e1si id\u0151: 1-4 nap<\/h2>\n","protected":false},"excerpt":{"rendered":"<p>1 k\u00f6vet\u00e9s= 16,00 forint Garant\u00e1lt 400 k\u00f6vet\u00e9s instagaram oldalra, csak a linkre van sz\u00fcks\u00e9g\u00fcnk, a t\u00f6bbit pedig mi ny\u00fajtjuk. V\u00e1rhat\u00f3 sz\u00e1ll\u00edt\u00e1si id\u0151: 1-4 nap<\/p>\n","protected":false},"featured_media":20,"comment_status":"open","ping_status":"closed","template":"","meta":[],"product_cat":[19],"product_tag":[],"_links":{"self":[{"href":"https:\/\/www.likebolt.com\/index.php?rest_route=\/wp\/v2\/product\/951"}],"collection":[{"href":"https:\/\/www.likebolt.com\/index.php?rest_route=\/wp\/v2\/product"}],"about":[{"href":"https:\/\/www.likebolt.com\/index.php?rest_route=\/wp\/v2\/types\/product"}],"replies":[{"embeddable":true,"href":"https:\/\/www.likebolt.com\/index.php?rest_route=%2Fwp%2Fv2%2Fcomments&post=951"}],"wp:featuredmedia":[{"embeddable":true,"href":"https:\/\/www.likebolt.com\/index.php?rest_route=\/wp\/v2\/media\/20"}],"wp:attachment":[{"href":"https:\/\/www.likebolt.com\/index.php?rest_route=%2Fwp%2Fv2%2Fmedia&parent=951"}],"wp:term":[{"taxonomy":"product_cat","embeddable":true,"href":"https:\/\/www.likebolt.com\/index.php?rest_route=%2Fwp%2Fv2%2Fproduct_cat&post=951"},{"taxonomy":"product_tag","embeddable":true,"href":"https:\/\/www.likebolt.com\/index.php?rest_route=%2Fwp%2Fv2%2Fproduct_tag&post=951"}],"curies":[{"name":"wp","href":"https:\/\/api.w.org\/{rel}","templated":true}]}}